{"id":6,"date":"2018-08-22T12:50:23","date_gmt":"2018-08-22T12:50:23","guid":{"rendered":"http:\/\/nepmesepont.hu\/tatabanya\/?page_id=6"},"modified":"2018-10-11T13:19:51","modified_gmt":"2018-10-11T13:19:51","slug":"nyitvatartas","status":"publish","type":"page","link":"http:\/\/nepmesepont.hu\/tatabanya\/nyitvatartas\/","title":{"rendered":"Nyitvatart\u00e1s"},"content":{"rendered":"<h2>A N\u00e9pmesePont szabadon, b\u00e1rki \u00e1ltal l\u00e1togathat\u00f3<\/h2>\n<h2><span style=\"color: #e60e0e;\">kedden \u00e9s cs\u00fct\u00f6rt\u00f6k\u00f6n,<br \/>\n17:00-19:00, valamint<\/span><br \/>\n<span style=\"color: #e60e0e;\">szombaton 10:00-18:00 \u00f3r\u00e1ig.<\/span><\/h2>\n<h5>Csoportoknak el\u0151zetes bejelentkez\u00e9s alapj\u00e1n:<br \/>\nh\u00e9tf\u0151t\u0151l\u2013p\u00e9ntekig 9:00-16:00 \u00f3r\u00e1ig<br \/>\nBejelentkez\u00e9s: +36 70 234 1784<\/h5>\n","protected":false},"excerpt":{"rendered":"<p>A N\u00e9pmesePont szabadon, b\u00e1rki \u00e1ltal l\u00e1togathat\u00f3 kedden \u00e9s cs\u00fct\u00f6rt\u00f6k\u00f6n, 17:00-19:00, valamint szombaton 10:00-18:00 \u00f3r\u00e1ig. Csoportoknak el\u0151zetes bejelentkez\u00e9s alapj\u00e1n: h\u00e9tf\u0151t\u0151l\u2013p\u00e9ntekig 9:00-16:00 \u00f3r\u00e1ig Bejelentkez\u00e9s: +36 70 234 1784 <a class=\"continue-reading-link\" href=\"http:\/\/nepmesepont.hu\/tatabanya\/nyitvatartas\/\">Continue reading<\/a><\/p>\n","protected":false},"author":1,"featured_media":0,"parent":0,"menu_order":0,"comment_status":"closed","ping_status":"closed","template":"","meta":{"footnotes":""},"class_list":["post-6","page","type-page","status-publish","hentry"],"_links":{"self":[{"href":"http:\/\/nepmesepont.hu\/tatabanya\/wp-json\/wp\/v2\/pages\/6","targetHints":{"allow":["GET"]}}],"collection":[{"href":"http:\/\/nepmesepont.hu\/tatabanya\/wp-json\/wp\/v2\/pages"}],"about":[{"href":"http:\/\/nepmesepont.hu\/tatabanya\/wp-json\/wp\/v2\/types\/page"}],"author":[{"embeddable":true,"href":"http:\/\/nepmesepont.hu\/tatabanya\/wp-json\/wp\/v2\/users\/1"}],"replies":[{"embeddable":true,"href":"http:\/\/nepmesepont.hu\/tatabanya\/wp-json\/wp\/v2\/comments?post=6"}],"version-history":[{"count":6,"href":"http:\/\/nepmesepont.hu\/tatabanya\/wp-json\/wp\/v2\/pages\/6\/revisions"}],"predecessor-version":[{"id":107,"href":"http:\/\/nepmesepont.hu\/tatabanya\/wp-json\/wp\/v2\/pages\/6\/revisions\/107"}],"wp:attachment":[{"href":"http:\/\/nepmesepont.hu\/tatabanya\/wp-json\/wp\/v2\/media?parent=6"}],"curies":[{"name":"wp","href":"https:\/\/api.w.org\/{rel}","templated":true}]}}