{"id":19,"date":"2018-08-22T12:51:57","date_gmt":"2018-08-22T12:51:57","guid":{"rendered":"http:\/\/nepmesepont.hu\/tatabanya\/?page_id=19"},"modified":"2025-02-21T13:09:31","modified_gmt":"2025-02-21T13:09:31","slug":"kapcsolat","status":"publish","type":"page","link":"http:\/\/nepmesepont.hu\/tatabanya\/kapcsolat\/","title":{"rendered":"Kapcsolat"},"content":{"rendered":"<p>N\u00e9pmesePont Tatab\u00e1nya<br \/>\n2800 Tatab\u00e1nya, Kossuth Lajos u. 4.<\/p>\n<p>Kapcsolat:\u00a0 Zuber \u00c9va<strong><br \/>\n<\/strong>Weboldal: \u00a0<a href=\"http:\/\/pmh.avertesagoraja.hu\">http:\/\/pmh.avertesagoraja.hu<\/a><br \/>\nE-mail: \u00a0\u00a0 \u00a0\u00a0 <a href=\"mailto:puskinmuvhaz@avertesagoraja.hu\">puskinmuvhaz@@avertesagoraja.hu<br \/>\n<\/a>Telefon:\u00a0 \u00a0 \u00a0 +36 30 867 9385<\/p>\n","protected":false},"excerpt":{"rendered":"<p>N\u00e9pmesePont Tatab\u00e1nya 2800 Tatab\u00e1nya, Kossuth Lajos u. 4. Kapcsolat:\u00a0 Zuber \u00c9va Weboldal: \u00a0http:\/\/pmh.avertesagoraja.hu E-mail: \u00a0\u00a0 \u00a0\u00a0 puskinmuvhaz@@avertesagoraja.hu Telefon:\u00a0 \u00a0 \u00a0 +36 30 867 9385 <a class=\"continue-reading-link\" href=\"http:\/\/nepmesepont.hu\/tatabanya\/kapcsolat\/\">Continue reading<\/a><\/p>\n","protected":false},"author":1,"featured_media":0,"parent":0,"menu_order":0,"comment_status":"closed","ping_status":"closed","template":"","meta":{"footnotes":""},"class_list":["post-19","page","type-page","status-publish","hentry"],"_links":{"self":[{"href":"http:\/\/nepmesepont.hu\/tatabanya\/wp-json\/wp\/v2\/pages\/19","targetHints":{"allow":["GET"]}}],"collection":[{"href":"http:\/\/nepmesepont.hu\/tatabanya\/wp-json\/wp\/v2\/pages"}],"about":[{"href":"http:\/\/nepmesepont.hu\/tatabanya\/wp-json\/wp\/v2\/types\/page"}],"author":[{"embeddable":true,"href":"http:\/\/nepmesepont.hu\/tatabanya\/wp-json\/wp\/v2\/users\/1"}],"replies":[{"embeddable":true,"href":"http:\/\/nepmesepont.hu\/tatabanya\/wp-json\/wp\/v2\/comments?post=19"}],"version-history":[{"count":9,"href":"http:\/\/nepmesepont.hu\/tatabanya\/wp-json\/wp\/v2\/pages\/19\/revisions"}],"predecessor-version":[{"id":511,"href":"http:\/\/nepmesepont.hu\/tatabanya\/wp-json\/wp\/v2\/pages\/19\/revisions\/511"}],"wp:attachment":[{"href":"http:\/\/nepmesepont.hu\/tatabanya\/wp-json\/wp\/v2\/media?parent=19"}],"curies":[{"name":"wp","href":"https:\/\/api.w.org\/{rel}","templated":true}]}}