{"id":17,"date":"2018-08-22T12:51:50","date_gmt":"2018-08-22T12:51:50","guid":{"rendered":"http:\/\/nepmesepont.hu\/tatabanya\/?page_id=17"},"modified":"2025-02-21T13:11:44","modified_gmt":"2025-02-21T13:11:44","slug":"a-fenntartorol","status":"publish","type":"page","link":"http:\/\/nepmesepont.hu\/tatabanya\/a-fenntartorol\/","title":{"rendered":"A fenntart\u00f3r\u00f3l"},"content":{"rendered":"<p><strong>A v\u00e1ros 2011-12-es d\u00f6nt\u00e9sei<\/strong>\u00a0\u00e9rtelm\u00e9ben az Agora Nonprofit Kft. egy olyan komplex kult\u00fara-, szabadid\u0151-, \u00e9s k\u00f6z\u00f6ss\u00e9gszervez\u0151, sportl\u00e9tes\u00edtm\u00e9nyeket \u00fczemeltet\u0151 szervezetk\u00e9nt m\u0171k\u00f6dik, amelyben a sport, a kult\u00fara \u00e9s a vend\u00e9gl\u00e1t\u00e1s egym\u00e1st er\u0151s\u00edt\u0151 m\u00f3don kiszolg\u00e1lja a v\u00e1ros \u00e9s a t\u00e9rs\u00e9g lak\u00f3inak, c\u00e9geinek ig\u00e9nyeit. Az \u00faj szervezet, az \u00faj n\u00e9v egy \u00faj, sikeres korszakot \u00edg\u00e9r a v\u00e1ros k\u00f6z\u00f6ss\u00e9gi \u00e9let\u00e9nek szervez\u00e9s\u00e9ben, menedzsel\u00e9s\u00e9ben.<\/p>\n<p>Az AGORA Sport \u00e9s Szabadid\u0151 K\u00f6zhaszn\u00fa Nonprofit Kft. p\u00e1ly\u00e1zatot ny\u00fajtott be \u201eA n\u00e9pmese anyanyelvi kompetenciafejleszt\u0151 szerep\u00e9nek er\u0151s\u00edt\u00e9se az inform\u00e1lis \u00e9s non-form\u00e1lis tanul\u00e1sban\u201d c\u00edm\u0171 p\u00e1ly\u00e1zati\u00a0 felh\u00edv\u00e1sra, amelyet nagy \u00f6r\u00f6m\u00fcnkre t\u00e1mogat\u00e1sra \u00e9rdemesnek \u00edt\u00e9ltek.\u00a0 Az AGORA Nonprofit Kft.,\u00a0 mint az EFOP-3.3.4-17-2017-00034 azonos\u00edt\u00f3 sz\u00e1m\u00fa, N\u00e9pmesePont Tatab\u00e1nya c\u00edm\u0171 p\u00e1ly\u00e1zat nyertese fogja megval\u00f3s\u00edtani a projektet a tatab\u00e1nyai Puskin M\u0171vel\u0151d\u00e9si H\u00e1zban (Tatab\u00e1nya, Kossuth Lajos utca 4.).<\/p>\n<p>A N\u00e9pmesePontos projektmenedzsement bemutat\u00e1sa:<\/p>\n<p>Szakmai k\u00f6zrem\u0171k\u00f6d\u0151k: Sz\u00e9n\u00e1si Veronika, Toma Krisztina<\/p>\n<p>KAPCSOLAT:\u00a0 \u00a0<strong>ZUBER \u00c9VA<\/strong><br \/>\nE-MAIL:\u00a0 \u00a0 \u00a0 \u00a0 \u00a0 \u00a0<a href=\"mailto:puskinmuvhaz@avertesagoraja.hu\" rel=\"noopener\">PUSKINMUVHAZ@AVERTESAGORAJA.HU<\/a><br \/>\nTELEFON:\u00a0 \u00a0 \u00a0 \u00a0+36 30 867 9385<br \/>\nWEBOLDAL:\u00a0 \u00a0<a href=\"http:\/\/pmh.avertesagoraja.hu\/\" rel=\"noopener\" data-saferedirecturl=\"https:\/\/www.google.com\/url?q=http:\/\/pmh.avertesagoraja.hu\/&amp;source=gmail&amp;ust=1590143695556000&amp;usg=AFQjCNHlUuZP7n4okl_dv3F3gDlvn8FAuA\">HTTP:\/\/PMH.AVERTESAGORAJA.HU<br \/>\n<\/a>FACEBOOK:\u00a0 \u00a0\u00a0<a href=\"https:\/\/facebook.com\/avertesagoraja.hu\" rel=\"noopener\" data-saferedirecturl=\"https:\/\/www.google.com\/url?q=https:\/\/facebook.com\/avertesagoraja.hu&amp;source=gmail&amp;ust=1590143695556000&amp;usg=AFQjCNF_JE3mf6qR-sYT4w7npCLOOlHPyQ\">HTTPS:\/\/FACEBOOK.COM\/AVERTESAGORAJA.HU<\/a><\/p>\n<p>Szakmai vezet\u0151: Salamon Hug\u00f3<br \/>\nP\u00e9nz\u00fcgyi vezet\u0151: P\u00f3hr Ildik\u00f3,<br \/>\nProjektmenedzser: Orlai M\u00e1rton<\/p>\n","protected":false},"excerpt":{"rendered":"<p>A v\u00e1ros 2011-12-es d\u00f6nt\u00e9sei\u00a0\u00e9rtelm\u00e9ben az Agora Nonprofit Kft. egy olyan komplex kult\u00fara-, szabadid\u0151-, \u00e9s k\u00f6z\u00f6ss\u00e9gszervez\u0151, sportl\u00e9tes\u00edtm\u00e9nyeket \u00fczemeltet\u0151 szervezetk\u00e9nt m\u0171k\u00f6dik, amelyben a sport, a kult\u00fara \u00e9s a vend\u00e9gl\u00e1t\u00e1s egym\u00e1st er\u0151s\u00edt\u0151 m\u00f3don kiszolg\u00e1lja a v\u00e1ros \u00e9s a t\u00e9rs\u00e9g lak\u00f3inak, c\u00e9geinek ig\u00e9nyeit. Az \u00faj szervezet, az \u00faj n\u00e9v egy \u00faj, sikeres korszakot \u00edg\u00e9r&#8230; <a class=\"continue-reading-link\" href=\"http:\/\/nepmesepont.hu\/tatabanya\/a-fenntartorol\/\">Continue reading<\/a><\/p>\n","protected":false},"author":1,"featured_media":0,"parent":0,"menu_order":0,"comment_status":"closed","ping_status":"closed","template":"","meta":{"footnotes":""},"class_list":["post-17","page","type-page","status-publish","hentry"],"_links":{"self":[{"href":"http:\/\/nepmesepont.hu\/tatabanya\/wp-json\/wp\/v2\/pages\/17","targetHints":{"allow":["GET"]}}],"collection":[{"href":"http:\/\/nepmesepont.hu\/tatabanya\/wp-json\/wp\/v2\/pages"}],"about":[{"href":"http:\/\/nepmesepont.hu\/tatabanya\/wp-json\/wp\/v2\/types\/page"}],"author":[{"embeddable":true,"href":"http:\/\/nepmesepont.hu\/tatabanya\/wp-json\/wp\/v2\/users\/1"}],"replies":[{"embeddable":true,"href":"http:\/\/nepmesepont.hu\/tatabanya\/wp-json\/wp\/v2\/comments?post=17"}],"version-history":[{"count":6,"href":"http:\/\/nepmesepont.hu\/tatabanya\/wp-json\/wp\/v2\/pages\/17\/revisions"}],"predecessor-version":[{"id":513,"href":"http:\/\/nepmesepont.hu\/tatabanya\/wp-json\/wp\/v2\/pages\/17\/revisions\/513"}],"wp:attachment":[{"href":"http:\/\/nepmesepont.hu\/tatabanya\/wp-json\/wp\/v2\/media?parent=17"}],"curies":[{"name":"wp","href":"https:\/\/api.w.org\/{rel}","templated":true}]}}