{"id":6,"date":"2018-08-22T12:50:23","date_gmt":"2018-08-22T12:50:23","guid":{"rendered":"http:\/\/nepmesepont.hu\/sopron\/?page_id=6"},"modified":"2019-01-28T11:32:32","modified_gmt":"2019-01-28T11:32:32","slug":"nyitvatartas","status":"publish","type":"page","link":"http:\/\/nepmesepont.hu\/sopron\/nyitvatartas\/","title":{"rendered":"Nyitvatart\u00e1s"},"content":{"rendered":"<p style=\"text-align: center\">\u00c1lland\u00f3 programk\u00edn\u00e1latunkra h\u00e9tk\u00f6znaponk\u00e9nt 9.00-13.00 \u00e9s 14.00-18.00 \u00f3ra k\u00f6z\u00f6tt, h\u00e9tv\u00e9g\u00e9n 9.00-12.00 \u00f3ra k\u00f6z\u00f6tt k\u00edn\u00e1lkozik regisztr\u00e1ci\u00f3s lehet\u0151s\u00e9g, el\u0151zetes bejelentkez\u00e9s alapj\u00e1n.<\/p>\n<p style=\"text-align: center\">MEGHIRDETETT EGYEDI PROGRAMJAINK B\u00c1RKI SZ\u00c1M\u00c1RA INGYENES L\u00c1TOGATHAT\u00d3K!<\/p>\n<p style=\"text-align: center\">Regisztr\u00e1ci\u00f3: nepmese@prokultura.hu<\/p>\n<p style=\"text-align: center\">Inform\u00e1ci\u00f3: Kov\u00e1cs Gy\u00f6ngyi 0699517525<\/p>\n","protected":false},"excerpt":{"rendered":"<p>\u00c1lland\u00f3 programk\u00edn\u00e1latunkra h\u00e9tk\u00f6znaponk\u00e9nt 9.00-13.00 \u00e9s 14.00-18.00 \u00f3ra k\u00f6z\u00f6tt, h\u00e9tv\u00e9g\u00e9n 9.00-12.00 \u00f3ra k\u00f6z\u00f6tt k\u00edn\u00e1lkozik regisztr\u00e1ci\u00f3s lehet\u0151s\u00e9g, el\u0151zetes bejelentkez\u00e9s alapj\u00e1n. MEGHIRDETETT EGYEDI PROGRAMJAINK B\u00c1RKI SZ\u00c1M\u00c1RA INGYENES L\u00c1TOGATHAT\u00d3K! Regisztr\u00e1ci\u00f3: nepmese@prokultura.hu Inform\u00e1ci\u00f3: Kov\u00e1cs Gy\u00f6ngyi 0699517525 <a class=\"continue-reading-link\" href=\"http:\/\/nepmesepont.hu\/sopron\/nyitvatartas\/\">Continue reading<\/a><\/p>\n","protected":false},"author":1,"featured_media":0,"parent":0,"menu_order":0,"comment_status":"closed","ping_status":"closed","template":"","meta":{"footnotes":""},"class_list":["post-6","page","type-page","status-publish","hentry"],"_links":{"self":[{"href":"http:\/\/nepmesepont.hu\/sopron\/wp-json\/wp\/v2\/pages\/6","targetHints":{"allow":["GET"]}}],"collection":[{"href":"http:\/\/nepmesepont.hu\/sopron\/wp-json\/wp\/v2\/pages"}],"about":[{"href":"http:\/\/nepmesepont.hu\/sopron\/wp-json\/wp\/v2\/types\/page"}],"author":[{"embeddable":true,"href":"http:\/\/nepmesepont.hu\/sopron\/wp-json\/wp\/v2\/users\/1"}],"replies":[{"embeddable":true,"href":"http:\/\/nepmesepont.hu\/sopron\/wp-json\/wp\/v2\/comments?post=6"}],"version-history":[{"count":4,"href":"http:\/\/nepmesepont.hu\/sopron\/wp-json\/wp\/v2\/pages\/6\/revisions"}],"predecessor-version":[{"id":248,"href":"http:\/\/nepmesepont.hu\/sopron\/wp-json\/wp\/v2\/pages\/6\/revisions\/248"}],"wp:attachment":[{"href":"http:\/\/nepmesepont.hu\/sopron\/wp-json\/wp\/v2\/media?parent=6"}],"curies":[{"name":"wp","href":"https:\/\/api.w.org\/{rel}","templated":true}]}}