{"id":44,"date":"2018-08-23T13:07:07","date_gmt":"2018-08-23T13:07:07","guid":{"rendered":"http:\/\/nepmesepont.hu\/sopron\/?page_id=44"},"modified":"2018-10-24T16:06:37","modified_gmt":"2018-10-24T16:06:37","slug":"galeriak","status":"publish","type":"page","link":"http:\/\/nepmesepont.hu\/sopron\/galeriak\/","title":{"rendered":"Gal\u00e9ri\u00e1k"},"content":{"rendered":"<h4 style=\"text-align: center;\">A megnyit\u00f3 k\u00e9pei<\/h4>\n<p>[envira-gallery id=&#8221;123&#8243;]<\/p>\n<h4 style=\"text-align: center;\">Szent Jakab k\u00e1polna \u00e9letf\u00e1ja<\/h4>\n<p><code id=\"envira_shortcode_id_73\">[envira-gallery id=\"73\"]<\/code><\/p>\n<h4 style=\"text-align: center;\">Ilyen volt&#8230;<\/h4>\n<p><code id=\"envira_shortcode_80\">[envira-gallery id=\"80\"]<\/code><\/p>\n<h4 style=\"text-align: center;\">&#8230;ilyen lesz!<\/h4>\n<p><code id=\"envira_shortcode_86\">[envira-gallery id=\"86\"]<\/code><\/p>\n","protected":false},"excerpt":{"rendered":"<p>A megnyit\u00f3 k\u00e9pei [envira-gallery id=&#8221;123&#8243;] Szent Jakab k\u00e1polna \u00e9letf\u00e1ja [envira-gallery id=&#8221;73&#8243;] Ilyen volt&#8230; [envira-gallery id=&#8221;80&#8243;] &#8230;ilyen lesz! [envira-gallery id=&#8221;86&#8243;] <a class=\"continue-reading-link\" href=\"http:\/\/nepmesepont.hu\/sopron\/galeriak\/\">Continue reading<\/a><\/p>\n","protected":false},"author":1,"featured_media":0,"parent":0,"menu_order":0,"comment_status":"closed","ping_status":"closed","template":"","meta":{"footnotes":""},"class_list":["post-44","page","type-page","status-publish","hentry"],"_links":{"self":[{"href":"http:\/\/nepmesepont.hu\/sopron\/wp-json\/wp\/v2\/pages\/44","targetHints":{"allow":["GET"]}}],"collection":[{"href":"http:\/\/nepmesepont.hu\/sopron\/wp-json\/wp\/v2\/pages"}],"about":[{"href":"http:\/\/nepmesepont.hu\/sopron\/wp-json\/wp\/v2\/types\/page"}],"author":[{"embeddable":true,"href":"http:\/\/nepmesepont.hu\/sopron\/wp-json\/wp\/v2\/users\/1"}],"replies":[{"embeddable":true,"href":"http:\/\/nepmesepont.hu\/sopron\/wp-json\/wp\/v2\/comments?post=44"}],"version-history":[{"count":5,"href":"http:\/\/nepmesepont.hu\/sopron\/wp-json\/wp\/v2\/pages\/44\/revisions"}],"predecessor-version":[{"id":165,"href":"http:\/\/nepmesepont.hu\/sopron\/wp-json\/wp\/v2\/pages\/44\/revisions\/165"}],"wp:attachment":[{"href":"http:\/\/nepmesepont.hu\/sopron\/wp-json\/wp\/v2\/media?parent=44"}],"curies":[{"name":"wp","href":"https:\/\/api.w.org\/{rel}","templated":true}]}}