{"id":17,"date":"2018-08-22T12:51:50","date_gmt":"2018-08-22T12:51:50","guid":{"rendered":"http:\/\/nepmesepont.hu\/sopron\/?page_id=17"},"modified":"2018-08-31T12:10:34","modified_gmt":"2018-08-31T12:10:34","slug":"a-fenntartorol","status":"publish","type":"page","link":"http:\/\/nepmesepont.hu\/sopron\/a-fenntartorol\/","title":{"rendered":"A fenntart\u00f3r\u00f3l"},"content":{"rendered":"<p style=\"text-align: center;\"><strong>\u201eSOPRONI MES\u00c9K\u201d<\/strong><\/p>\n<p>&nbsp;<\/p>\n<p>A Pro Kult\u00fara Sopron az elm\u00falt negyedsz\u00e1zad \u00f3ta rendk\u00edv\u00fcl fontos szerepet t\u00f6lt be Sopron v\u00e1ros kultur\u00e1lis \u00e9let\u00e9ben. Egyr\u00e9szt \u201egazdaszervezetk\u00e9nt\u201d t\u00f6bb jelent\u0151s int\u00e9zm\u00e9nyt is mag\u00e1ban foglal (Liszt Ferenc Konferencia \u00e9s Kultur\u00e1lis K\u00f6zpont, Soproni Pet\u0151fi Sz\u00ednh\u00e1z, Soproni Szimfonikus Zenekar \u00e9s t\u00f6bb \u00f6ntev\u00e9keny csoport stb.), m\u00e1sr\u00e9szt rendezv\u00e9nyei r\u00e9v\u00e9n \u00e1tfogja a v\u00e1ros \u00e9s a k\u00f6rny\u00e9k kultur\u00e1lis \u00e9let\u00e9nek szinte teljes spektrum\u00e1t.<\/p>\n<p>K\u00fcl\u00f6n\u00f6sen az elm\u00falt \u00e9vtizedben alak\u00edtott ki olyan meghat\u00e1roz\u00f3 kapcsolatrendszert a helyi oktat\u00e1si int\u00e9zm\u00e9nyekkel, amely megalapozza a N\u00e9pmesePont megval\u00f3s\u00edthat\u00f3s\u00e1g\u00e1t is.<\/p>\n<p>A Pro Kult\u00fara m\u00e1ig szervezi a v\u00e1ros legrangosabb gyermekfesztiv\u00e1lj\u00e1t, a j\u00faniusi T\u00fcnd\u00e9rfesztiv\u00e1lt, rendszeres ki\u00edr\u00f3ja Ki mit tud?-oknak, tehets\u00e9gkutat\u00f3 zen\u00e9s, k\u00e9pz\u0151m\u0171v\u00e9szeti \u00e9s irodalmi p\u00e1ly\u00e1zatoknak, vers- \u00e9s pr\u00f3zamond\u00f3 versenyeknek, k\u00f6lt\u00e9szeti tal\u00e1lkoz\u00f3knak.<\/p>\n<p>A Soproni Pet\u0151fi Sz\u00ednh\u00e1z az elm\u00falt \u00f6t \u00e9vben \u00fajj\u00e1szervezte b\u00e9rletrendszer\u00e9t, amely a teljes ifj\u00fas\u00e1gi koroszt\u00e1lyt lefedi az \u00f3vod\u00e1sokt\u00f3l az egyetemist\u00e1kig: ebb\u0151l a k\u00f6z\u00f6ns\u00e9gr\u00e9tegb\u0151l k\u00fcl\u00f6n\u00f6sen szembet\u0171n\u0151 az \u00f3vod\u00e1sok \u00e9s a fels\u0151 tagozatos di\u00e1kok megjelen\u00e9se a sz\u00ednh\u00e1z \u00e9let\u00e9ben.<\/p>\n<p>Elind\u00edtottuk a sz\u00ednh\u00e1zi nevel\u00e9si programunkat, amely az \u00f6t \u00e9vvel ezel\u0151tti 33 el\u0151ad\u00e1st k\u00f6vet\u0151en m\u00e1ra el\u00e9rte az \u00e9vi 70 el\u0151ad\u00e1ssz\u00e1mot. Emellett A PRO KULT\u00daRA SOPRON jelenleg Sopron v\u00e1ros\u00e1nak legnagyobb nonprofit szervezete.<\/p>\n<p>A T\u00e1rsas\u00e1g feladata t\u00f6bbek k\u00f6z\u00f6tt a Soproni Pet\u0151fi Sz\u00ednh\u00e1z, valamint a Soproni Liszt Ferenc Szimfonikus Zenekar folyamatos \u00e9s \u00e1lland\u00f3 m\u0171k\u00f6dtet\u00e9se, Sopron kultur\u00e1lis ig\u00e9nyeinek kiel\u00e9g\u00edt\u00e9se magas sz\u00ednvonalon, a nemzeti kult\u00fara \u00e1pol\u00e1sa, a magyar \u00e9s k\u00fclf\u00f6ldi irodalmi, k\u00e9pz\u0151m\u0171v\u00e9szeti, zenei \u00e9rt\u00e9kek m\u00e9lyrehat\u00f3bb megismertet\u00e9se, a v\u00e1ros kultur\u00e1lis \u00e9let\u00e9nek elismertet\u00e9se orsz\u00e1gos szinten, mindemellett a nemzetk\u00f6zi kultur\u00e1lis kapcsolatok elm\u00e9ly\u00edt\u00e9se a K\u00e1rp\u00e1t-medence mellett Eur\u00f3pa-szerte.<\/p>\n","protected":false},"excerpt":{"rendered":"<p>\u201eSOPRONI MES\u00c9K\u201d &nbsp; A Pro Kult\u00fara Sopron az elm\u00falt negyedsz\u00e1zad \u00f3ta rendk\u00edv\u00fcl fontos szerepet t\u00f6lt be Sopron v\u00e1ros kultur\u00e1lis \u00e9let\u00e9ben. Egyr\u00e9szt \u201egazdaszervezetk\u00e9nt\u201d t\u00f6bb jelent\u0151s int\u00e9zm\u00e9nyt is mag\u00e1ban foglal (Liszt Ferenc Konferencia \u00e9s Kultur\u00e1lis K\u00f6zpont, Soproni Pet\u0151fi Sz\u00ednh\u00e1z, Soproni Szimfonikus Zenekar \u00e9s t\u00f6bb \u00f6ntev\u00e9keny csoport stb.), m\u00e1sr\u00e9szt rendezv\u00e9nyei r\u00e9v\u00e9n \u00e1tfogja a&#8230; <a class=\"continue-reading-link\" href=\"http:\/\/nepmesepont.hu\/sopron\/a-fenntartorol\/\">Continue reading<\/a><\/p>\n","protected":false},"author":1,"featured_media":0,"parent":0,"menu_order":0,"comment_status":"closed","ping_status":"closed","template":"","meta":{"footnotes":""},"class_list":["post-17","page","type-page","status-publish","hentry"],"_links":{"self":[{"href":"http:\/\/nepmesepont.hu\/sopron\/wp-json\/wp\/v2\/pages\/17","targetHints":{"allow":["GET"]}}],"collection":[{"href":"http:\/\/nepmesepont.hu\/sopron\/wp-json\/wp\/v2\/pages"}],"about":[{"href":"http:\/\/nepmesepont.hu\/sopron\/wp-json\/wp\/v2\/types\/page"}],"author":[{"embeddable":true,"href":"http:\/\/nepmesepont.hu\/sopron\/wp-json\/wp\/v2\/users\/1"}],"replies":[{"embeddable":true,"href":"http:\/\/nepmesepont.hu\/sopron\/wp-json\/wp\/v2\/comments?post=17"}],"version-history":[{"count":4,"href":"http:\/\/nepmesepont.hu\/sopron\/wp-json\/wp\/v2\/pages\/17\/revisions"}],"predecessor-version":[{"id":103,"href":"http:\/\/nepmesepont.hu\/sopron\/wp-json\/wp\/v2\/pages\/17\/revisions\/103"}],"wp:attachment":[{"href":"http:\/\/nepmesepont.hu\/sopron\/wp-json\/wp\/v2\/media?parent=17"}],"curies":[{"name":"wp","href":"https:\/\/api.w.org\/{rel}","templated":true}]}}