{"id":15,"date":"2018-08-22T12:51:40","date_gmt":"2018-08-22T12:51:40","guid":{"rendered":"http:\/\/nepmesepont.hu\/sopron\/?page_id=15"},"modified":"2018-08-31T12:12:10","modified_gmt":"2018-08-31T12:12:10","slug":"a-nepmesepontrol","status":"publish","type":"page","link":"http:\/\/nepmesepont.hu\/sopron\/a-nepmesepontrol\/","title":{"rendered":"A N\u00e9pmesePontr\u00f3l"},"content":{"rendered":"<p>A N\u00e9pmesepont kialak\u00edt\u00e1s\u00e1val fejleszt\u00e9s\u00fcnk c\u00e9lja, hogy n\u00e9pszer\u0171s\u00edts\u00fck a magyar n\u00e9pmes\u00e9t, n\u00f6velj\u00fck kultur\u00e1lis int\u00e9zm\u00e9ny\u00fcnk szerep\u00e9t a v\u00e1rosban, az iskol\u00e1n k\u00edv\u00fcli oktat\u00e1sban r\u00e9szt vegy\u00fcnk m\u0171helyfoglalkoz\u00e1sok, versenyek, alkot\u00f3i csoportok, t\u00e1borok \u00e9s egy\u00e9b programok szervez\u00e9s\u00e9n kereszt\u00fcl.<\/p>\n<p>A n\u00e9pmes\u00e9kkel, n\u00e9pk\u00f6lt\u00e9szettel t\u00f6rt\u00e9n\u0151 tanul\u00e1s m\u00f3dszereit az eg\u00e9sz \u00e9leten \u00e1t tart\u00f3 tanul\u00e1s ig\u00e9ny\u00e9nek tudatos\u00edt\u00e1s\u00e1val t\u00f6bb c\u00e9lcsoportra f\u00f3kusz\u00e1lva, ugyanakkor k\u00e9t \u00e9letkori szakaszban, gyermek- \u00e9s feln\u0151ttkorban k\u00fcl\u00f6n strat\u00e9gi\u00e1val \u00e9s m\u00f3dszerekkel kell el\u00e9rn\u00fcnk.<\/p>\n<p>Az iskola \u00f6nmag\u00e1ban nem elegend\u0151 a tanul\u00e1sra val\u00f3 \u00e9letre sz\u00f3l\u00f3 v\u00e1gy kialak\u00edt\u00e1s\u00e1ban, ha er\u0151fesz\u00edt\u00e9seit nem t\u00e1mogatja egy olyan motiv\u00e1l\u00f3 k\u00f6rnyezet, amely hozz\u00e1seg\u00edti az egy\u00e9nt a k\u00f6rnyezet\u00e9ben l\u00e9v\u0151 tanul\u00e1si lehet\u0151s\u00e9gek eg\u00e9sz \u00e9letre sz\u00f3l\u00f3 kiakn\u00e1z\u00e1s\u00e1ra.<\/p>\n<p>Ez\u00e9rt van sz\u00fcks\u00e9g a Pro Kult\u00fara \u00e1ltal biztos\u00edtott t\u00e9rre, amely a szem\u00e9lyes mikrok\u00f6rnyezetben is k\u00e9pes kifejteni a hat\u00e1s\u00e1t, arra \u00f6szt\u00f6n\u00f6zve az egy\u00e9nt, hogy a tanul\u00e1s k\u00fcl\u00f6nb\u00f6z\u0151 \u00e9letszakaszokon \u00e1t\u00edvel\u0151en, egy \u00e9leten \u00e1t jelentsen \u00f6r\u00f6mteli kih\u00edv\u00e1st \u00e9s egyben el\u00e9rend\u0151 c\u00e9lt<\/p>\n<p>A projekt \u00e1tfog\u00f3 c\u00e9lja: a hagyom\u00e1nyos magyar n\u00e9pmese, a n\u00e9pmesemond\u00e1s, a mesei gondolkod\u00e1s \u00e9s nevel\u00e9s n\u00e9pszer\u0171s\u00edt\u00e9se, be\u00e9p\u00edt\u00e9s\u00e9nek el\u0151seg\u00edt\u00e9se a kultur\u00e1lis int\u00e9zm\u00e9nyek inform\u00e1lis \u00e9s nem form\u00e1lis szolg\u00e1ltat\u00e1si k\u00edn\u00e1lat\u00e1ba.<\/p>\n<p>N\u00e9pmesePontunk l\u00e9trehoz\u00e1s\u00e1val a nevel\u00e9si-oktat\u00e1si int\u00e9zm\u00e9nyek tanul\u00f3inak iskolai foglalkoz\u00e1son k\u00edv\u00fcli kompetenciafejleszt\u00e9s\u00e9t, ismeret- \u00e9s tud\u00e1sgyarap\u00edt\u00e1s\u00e1t, a form\u00e1lis oktat\u00e1st t\u00e1mogat\u00f3 \u00e9s kieg\u00e9sz\u00edt\u0151 kultur\u00e1lis nevel\u00e9st biztos\u00edtjuk.<\/p>\n<p>&nbsp;<\/p>\n<p>Tov\u00e1bbi r\u00e9szc\u00e9lok a projektben:<\/p>\n<p>&#8211; a nevel\u00e9si-oktat\u00e1si int\u00e9zm\u00e9nyek \u00e9s k\u00f6z\u00f6ss\u00e9gi ter\u00fcnk, mint a N\u00e9pmesePont k\u00f6z\u00f6tti egy\u00fcttm\u0171k\u00f6d\u00e9s er\u0151s\u00edt\u00e9se a nevel\u00e9si-oktat\u00e1si int\u00e9zm\u00e9nyek ig\u00e9nyeinek megfelel\u0151en,<\/p>\n<p>&#8211; a magyar \u00e9s eur\u00f3pai n\u00e9pmes\u00e9vel \u00e9s n\u00e9pmesemond\u00e1ssal kapcsolatos ismeretek \u00e1tad\u00e1sa,<\/p>\n<p>&#8211; a n\u00e9pmese \u00e9s sz\u00f3beli mesemond\u00e1s n\u00e9pszer\u0171s\u00edt\u00e9se,<\/p>\n<p>&#8211; a k\u00f6znevel\u00e9sben r\u00e9sztvev\u0151 tanul\u00f3k tud\u00e1s\u00e1nak \u00e9s k\u00e9szs\u00e9geinek, illetve anyanyelvi kompetenci\u00e1j\u00e1nak fejleszt\u00e9se nem form\u00e1lis \u00e9s inform\u00e1lis tanul\u00e1si eszk\u00f6z\u00f6kkel.<\/p>\n","protected":false},"excerpt":{"rendered":"<p>A N\u00e9pmesepont kialak\u00edt\u00e1s\u00e1val fejleszt\u00e9s\u00fcnk c\u00e9lja, hogy n\u00e9pszer\u0171s\u00edts\u00fck a magyar n\u00e9pmes\u00e9t, n\u00f6velj\u00fck kultur\u00e1lis int\u00e9zm\u00e9ny\u00fcnk szerep\u00e9t a v\u00e1rosban, az iskol\u00e1n k\u00edv\u00fcli oktat\u00e1sban r\u00e9szt vegy\u00fcnk m\u0171helyfoglalkoz\u00e1sok, versenyek, alkot\u00f3i csoportok, t\u00e1borok \u00e9s egy\u00e9b programok szervez\u00e9s\u00e9n kereszt\u00fcl. A n\u00e9pmes\u00e9kkel, n\u00e9pk\u00f6lt\u00e9szettel t\u00f6rt\u00e9n\u0151 tanul\u00e1s m\u00f3dszereit az eg\u00e9sz \u00e9leten \u00e1t tart\u00f3 tanul\u00e1s ig\u00e9ny\u00e9nek tudatos\u00edt\u00e1s\u00e1val t\u00f6bb c\u00e9lcsoportra f\u00f3kusz\u00e1lva, ugyanakkor&#8230; <a class=\"continue-reading-link\" href=\"http:\/\/nepmesepont.hu\/sopron\/a-nepmesepontrol\/\">Continue reading<\/a><\/p>\n","protected":false},"author":1,"featured_media":0,"parent":0,"menu_order":0,"comment_status":"closed","ping_status":"closed","template":"","meta":{"footnotes":""},"class_list":["post-15","page","type-page","status-publish","hentry"],"_links":{"self":[{"href":"http:\/\/nepmesepont.hu\/sopron\/wp-json\/wp\/v2\/pages\/15","targetHints":{"allow":["GET"]}}],"collection":[{"href":"http:\/\/nepmesepont.hu\/sopron\/wp-json\/wp\/v2\/pages"}],"about":[{"href":"http:\/\/nepmesepont.hu\/sopron\/wp-json\/wp\/v2\/types\/page"}],"author":[{"embeddable":true,"href":"http:\/\/nepmesepont.hu\/sopron\/wp-json\/wp\/v2\/users\/1"}],"replies":[{"embeddable":true,"href":"http:\/\/nepmesepont.hu\/sopron\/wp-json\/wp\/v2\/comments?post=15"}],"version-history":[{"count":3,"href":"http:\/\/nepmesepont.hu\/sopron\/wp-json\/wp\/v2\/pages\/15\/revisions"}],"predecessor-version":[{"id":104,"href":"http:\/\/nepmesepont.hu\/sopron\/wp-json\/wp\/v2\/pages\/15\/revisions\/104"}],"wp:attachment":[{"href":"http:\/\/nepmesepont.hu\/sopron\/wp-json\/wp\/v2\/media?parent=15"}],"curies":[{"name":"wp","href":"https:\/\/api.w.org\/{rel}","templated":true}]}}