{"id":6,"date":"2018-08-22T12:50:23","date_gmt":"2018-08-22T12:50:23","guid":{"rendered":"http:\/\/nepmesepont.hu\/nyiregyhaza\/?page_id=6"},"modified":"2021-05-01T09:42:12","modified_gmt":"2021-05-01T09:42:12","slug":"nyitvatartas","status":"publish","type":"page","link":"http:\/\/nepmesepont.hu\/nyiregyhaza\/nyitvatartas\/","title":{"rendered":"Nyitvatart\u00e1s"},"content":{"rendered":"<div class=\"kvgmc6g5 cxmmr5t8 oygrvhab hcukyx3x c1et5uql ii04i59q\">\n<div dir=\"auto\"><strong>Kedves L\u00e1togat\u00f3k!<\/strong><\/div>\n<div dir=\"auto\"><\/div>\n<\/div>\n<div class=\"o9v6fnle cxmmr5t8 oygrvhab hcukyx3x c1et5uql ii04i59q\">\n<div dir=\"auto\"><span class=\"pq6dq46d tbxw36s4 knj5qynh kvgmc6g5 ditlmg2l oygrvhab nvdbi5me sf5mxxl7 gl3lb2sf hhz5lgdu\"><img loading=\"lazy\" decoding=\"async\" src=\"https:\/\/static.xx.fbcdn.net\/images\/emoji.php\/v9\/t3b\/1.5\/16\/2b50.png\" alt=\"\u2b50\ufe0f\" width=\"16\" height=\"16\" \/><\/span> A VOKE Vasutas M\u0171vel\u0151d\u00e9si H\u00e1z \u00e9s K\u00f6nyvt\u00e1r HETEDH\u00c9T Mesevil\u00e1g N\u00e9pmesepontja 2021. m\u00e1jus 5., szerd\u00e1t\u00f3l \u00fajra kinyitja kapuit a nagyk\u00f6z\u00f6ns\u00e9g el\u0151tt.<\/div>\n<\/div>\n<div class=\"o9v6fnle cxmmr5t8 oygrvhab hcukyx3x c1et5uql ii04i59q\">\n<div dir=\"auto\"><span class=\"pq6dq46d tbxw36s4 knj5qynh kvgmc6g5 ditlmg2l oygrvhab nvdbi5me sf5mxxl7 gl3lb2sf hhz5lgdu\"><img loading=\"lazy\" decoding=\"async\" src=\"https:\/\/static.xx.fbcdn.net\/images\/emoji.php\/v9\/t3b\/1.5\/16\/2b50.png\" alt=\"\u2b50\ufe0f\" width=\"16\" height=\"16\" \/><\/span> A N\u00e9pmesepont a 194\/2021 (IV.26.) Korm. rendelet \u00e9rtelm\u00e9ben csak v\u00e9detts\u00e9gi igazolv\u00e1nnyal l\u00e1togathat\u00f3 a 18 \u00e9v feletti koroszt\u00e1lynak.<\/div>\n<\/div>\n<div class=\"o9v6fnle cxmmr5t8 oygrvhab hcukyx3x c1et5uql ii04i59q\">\n<div dir=\"auto\"><span class=\"pq6dq46d tbxw36s4 knj5qynh kvgmc6g5 ditlmg2l oygrvhab nvdbi5me sf5mxxl7 gl3lb2sf hhz5lgdu\"><img loading=\"lazy\" decoding=\"async\" src=\"https:\/\/static.xx.fbcdn.net\/images\/emoji.php\/v9\/t3b\/1.5\/16\/2b50.png\" alt=\"\u2b50\ufe0f\" width=\"16\" height=\"16\" \/><\/span> N\u00e9pmesepontunk 18 \u00e9ven aluliak sz\u00e1m\u00e1ra csak v\u00e9detts\u00e9gi igazolv\u00e1nnyal rendelkez\u0151 nagykor\u00fa k\u00eds\u00e9ret\u00e9ben l\u00e1togathat\u00f3.<\/div>\n<\/div>\n<div class=\"o9v6fnle cxmmr5t8 oygrvhab hcukyx3x c1et5uql ii04i59q\">\n<div dir=\"auto\"><span class=\"pq6dq46d tbxw36s4 knj5qynh kvgmc6g5 ditlmg2l oygrvhab nvdbi5me sf5mxxl7 gl3lb2sf hhz5lgdu\"><img loading=\"lazy\" decoding=\"async\" src=\"https:\/\/static.xx.fbcdn.net\/images\/emoji.php\/v9\/t3b\/1.5\/16\/2b50.png\" alt=\"\u2b50\ufe0f\" width=\"16\" height=\"16\" \/><\/span> A rendelet szerint, bel\u00e9p\u00e9skor a szolg\u00e1ltat\u00f3nak kell ellen\u0151rizni az igazolv\u00e1ny megl\u00e9t\u00e9t, amely szem\u00e9lyazonos\u00edt\u00f3 igazolv\u00e1ny vagy \u00fatlev\u00e9l felmutat\u00e1s\u00e1val egy\u00fctt \u00e9rv\u00e9nyes.<\/div>\n<\/div>\n<div class=\"o9v6fnle cxmmr5t8 oygrvhab hcukyx3x c1et5uql ii04i59q\">\n<div dir=\"auto\"><span class=\"pq6dq46d tbxw36s4 knj5qynh kvgmc6g5 ditlmg2l oygrvhab nvdbi5me sf5mxxl7 gl3lb2sf hhz5lgdu\"><img loading=\"lazy\" decoding=\"async\" src=\"https:\/\/static.xx.fbcdn.net\/images\/emoji.php\/v9\/t3b\/1.5\/16\/2b50.png\" alt=\"\u2b50\ufe0f\" width=\"16\" height=\"16\" \/><\/span> K\u00e9rj\u00fck \u00d6n\u00f6ket, ne vitass\u00e1k munkat\u00e1rsainkon kereszt\u00fcl a rendeletet, mert \u0151k csak a munk\u00e1jukat v\u00e9gzik, \u00e9s a hat\u00e1lyos jogszab\u00e1lyokat be kell tartatniuk!<\/div>\n<div dir=\"auto\"><\/div>\n<\/div>\n<div class=\"o9v6fnle cxmmr5t8 oygrvhab hcukyx3x c1et5uql ii04i59q\">\n<div dir=\"auto\">Meg\u00e9rt\u00e9s\u00fcket k\u00f6sz\u00f6nj\u00fck!<\/div>\n<\/div>\n<div class=\"o9v6fnle cxmmr5t8 oygrvhab hcukyx3x c1et5uql ii04i59q\">\n<div dir=\"auto\"><\/div>\n<\/div>\n<p>&nbsp;<\/p>\n<p style=\"text-align: center\">A N\u00e9pmesePont el\u0151zetes bejelentkez\u00e9st k\u00f6vet\u0151en, munkanapokon 8-16 \u00f3ra k\u00f6z\u00f6tt l\u00e1togathat\u00f3, valamint el\u0151zetes egyeztet\u00e9st k\u00f6vet\u0151en ig\u00e9ny szerinti id\u0151pontban.<\/p>\n<p style=\"text-align: center\">Bejelentkezni a 42\/504-490-es telefonsz\u00e1mon lehet, vagy a<a href=\"mailto:+nyiregyhaza@nepmesepont.hu\">\u00a0nyiregyhaza@nepmesepont.hu<\/a>\u00a0email c\u00edmen.<\/p>\n","protected":false},"excerpt":{"rendered":"<p>Kedves L\u00e1togat\u00f3k! A VOKE Vasutas M\u0171vel\u0151d\u00e9si H\u00e1z \u00e9s K\u00f6nyvt\u00e1r HETEDH\u00c9T Mesevil\u00e1g N\u00e9pmesepontja 2021. m\u00e1jus 5., szerd\u00e1t\u00f3l \u00fajra kinyitja kapuit a nagyk\u00f6z\u00f6ns\u00e9g el\u0151tt. A N\u00e9pmesepont a 194\/2021 (IV.26.) Korm. rendelet \u00e9rtelm\u00e9ben csak v\u00e9detts\u00e9gi igazolv\u00e1nnyal l\u00e1togathat\u00f3 a 18 \u00e9v feletti koroszt\u00e1lynak. N\u00e9pmesepontunk 18 \u00e9ven aluliak sz\u00e1m\u00e1ra csak v\u00e9detts\u00e9gi igazolv\u00e1nnyal rendelkez\u0151 nagykor\u00fa k\u00eds\u00e9ret\u00e9ben&#8230; <a class=\"continue-reading-link\" href=\"http:\/\/nepmesepont.hu\/nyiregyhaza\/nyitvatartas\/\">Continue reading<\/a><\/p>\n","protected":false},"author":1,"featured_media":0,"parent":0,"menu_order":0,"comment_status":"closed","ping_status":"closed","template":"","meta":{"footnotes":""},"class_list":["post-6","page","type-page","status-publish","hentry"],"_links":{"self":[{"href":"http:\/\/nepmesepont.hu\/nyiregyhaza\/wp-json\/wp\/v2\/pages\/6","targetHints":{"allow":["GET"]}}],"collection":[{"href":"http:\/\/nepmesepont.hu\/nyiregyhaza\/wp-json\/wp\/v2\/pages"}],"about":[{"href":"http:\/\/nepmesepont.hu\/nyiregyhaza\/wp-json\/wp\/v2\/types\/page"}],"author":[{"embeddable":true,"href":"http:\/\/nepmesepont.hu\/nyiregyhaza\/wp-json\/wp\/v2\/users\/1"}],"replies":[{"embeddable":true,"href":"http:\/\/nepmesepont.hu\/nyiregyhaza\/wp-json\/wp\/v2\/comments?post=6"}],"version-history":[{"count":18,"href":"http:\/\/nepmesepont.hu\/nyiregyhaza\/wp-json\/wp\/v2\/pages\/6\/revisions"}],"predecessor-version":[{"id":730,"href":"http:\/\/nepmesepont.hu\/nyiregyhaza\/wp-json\/wp\/v2\/pages\/6\/revisions\/730"}],"wp:attachment":[{"href":"http:\/\/nepmesepont.hu\/nyiregyhaza\/wp-json\/wp\/v2\/media?parent=6"}],"curies":[{"name":"wp","href":"https:\/\/api.w.org\/{rel}","templated":true}]}}