{"id":19,"date":"2018-08-22T12:51:57","date_gmt":"2018-08-22T12:51:57","guid":{"rendered":"http:\/\/nepmesepont.hu\/nyiregyhaza\/?page_id=19"},"modified":"2022-11-04T08:03:12","modified_gmt":"2022-11-04T08:03:12","slug":"kapcsolat","status":"publish","type":"page","link":"http:\/\/nepmesepont.hu\/nyiregyhaza\/kapcsolat\/","title":{"rendered":"Kapcsolat"},"content":{"rendered":"<p><strong>VOKE Vasutas M\u0171vel\u0151d\u00e9si H\u00e1z \u00e9s K\u00f6nyvt\u00e1r<\/strong><\/p>\n<p><strong>4400 Ny\u00edregyh\u00e1za, Toldi u. 23.<\/strong><\/p>\n<p><strong>Tel: 42\/504-490<\/strong><\/p>\n<p><strong>Web: www.vokevmh.hu<\/strong><\/p>\n<p><strong>E-mail: nyiregyhaza@nepmesepont.hu, nyiregyhaza@vokevmh.hu<\/strong><\/p>\n<p><strong>Int\u00e9zm\u00e9nyvezet\u0151: Katona Edina (42\/504 490)<\/strong><\/p>\n<p><strong>Ad\u00f3sz\u00e1m: 19202365-1-15<\/strong><\/p>\n<p><strong>Az int\u00e9zm\u00e9ny alaptev\u00e9kenys\u00e9ge: k\u00f6zm\u0171vel\u0151d\u00e9s \u00e9s k\u00f6nyvt\u00e1r<\/strong><\/p>\n<p><strong>Az int\u00e9zm\u00e9ny alap\u00edt\u00f3 szerve: Vasutas Orsz\u00e1gos K\u00f6zm\u0171vel\u0151d\u00e9si \u00e9s Szabadid\u0151 Egyes\u00fclet<\/strong><\/p>\n","protected":false},"excerpt":{"rendered":"<p>VOKE Vasutas M\u0171vel\u0151d\u00e9si H\u00e1z \u00e9s K\u00f6nyvt\u00e1r 4400 Ny\u00edregyh\u00e1za, Toldi u. 23. Tel: 42\/504-490 Web: www.vokevmh.hu E-mail: nyiregyhaza@nepmesepont.hu, nyiregyhaza@vokevmh.hu Int\u00e9zm\u00e9nyvezet\u0151: Katona Edina (42\/504 490) Ad\u00f3sz\u00e1m: 19202365-1-15 Az int\u00e9zm\u00e9ny alaptev\u00e9kenys\u00e9ge: k\u00f6zm\u0171vel\u0151d\u00e9s \u00e9s k\u00f6nyvt\u00e1r Az int\u00e9zm\u00e9ny alap\u00edt\u00f3 szerve: Vasutas Orsz\u00e1gos K\u00f6zm\u0171vel\u0151d\u00e9si \u00e9s Szabadid\u0151 Egyes\u00fclet <a class=\"continue-reading-link\" href=\"http:\/\/nepmesepont.hu\/nyiregyhaza\/kapcsolat\/\">Continue reading<\/a><\/p>\n","protected":false},"author":1,"featured_media":0,"parent":0,"menu_order":0,"comment_status":"closed","ping_status":"closed","template":"","meta":{"footnotes":""},"class_list":["post-19","page","type-page","status-publish","hentry"],"_links":{"self":[{"href":"http:\/\/nepmesepont.hu\/nyiregyhaza\/wp-json\/wp\/v2\/pages\/19","targetHints":{"allow":["GET"]}}],"collection":[{"href":"http:\/\/nepmesepont.hu\/nyiregyhaza\/wp-json\/wp\/v2\/pages"}],"about":[{"href":"http:\/\/nepmesepont.hu\/nyiregyhaza\/wp-json\/wp\/v2\/types\/page"}],"author":[{"embeddable":true,"href":"http:\/\/nepmesepont.hu\/nyiregyhaza\/wp-json\/wp\/v2\/users\/1"}],"replies":[{"embeddable":true,"href":"http:\/\/nepmesepont.hu\/nyiregyhaza\/wp-json\/wp\/v2\/comments?post=19"}],"version-history":[{"count":7,"href":"http:\/\/nepmesepont.hu\/nyiregyhaza\/wp-json\/wp\/v2\/pages\/19\/revisions"}],"predecessor-version":[{"id":755,"href":"http:\/\/nepmesepont.hu\/nyiregyhaza\/wp-json\/wp\/v2\/pages\/19\/revisions\/755"}],"wp:attachment":[{"href":"http:\/\/nepmesepont.hu\/nyiregyhaza\/wp-json\/wp\/v2\/media?parent=19"}],"curies":[{"name":"wp","href":"https:\/\/api.w.org\/{rel}","templated":true}]}}