{"id":17,"date":"2018-08-22T12:51:50","date_gmt":"2018-08-22T12:51:50","guid":{"rendered":"http:\/\/nepmesepont.hu\/nyiregyhaza\/?page_id=17"},"modified":"2018-08-24T12:46:49","modified_gmt":"2018-08-24T12:46:49","slug":"a-fenntartorol","status":"publish","type":"page","link":"http:\/\/nepmesepont.hu\/nyiregyhaza\/a-fenntartorol\/","title":{"rendered":"A fenntart\u00f3r\u00f3l"},"content":{"rendered":"<p>A ny\u00edregyh\u00e1zi \u201eVasutas\u201d 2016-ban \u00e9vben \u00fcnnepelte fenn\u00e1ll\u00e1s\u00e1nak 100. \u00e9vfordul\u00f3j\u00e1t. Ez id\u0151 alatt a t\u00f6m\u00e9rdek szervezeti \u00e1talakul\u00e1s mellett folyamatosan m\u0171k\u00f6d\u00f6tt, b\u0151v\u00fclt, sz\u00e9p\u00fclt\u2026<\/p>\n<p>Alap\u00edt\u00e1sa a vasutasok \u00f6nk\u00e9ntess\u00e9g\u00e9nek, kult\u00fara ir\u00e1nti ig\u00e9ny\u00e9nek k\u00f6sz\u00f6nhet\u0151. Saj\u00e1t kez\u00fckkel \u00e9p\u00edtett\u00e9k fel a h\u00e1zat. Kezdetben csak a vasutasok ig\u00e9nyeire \u00e9p\u00fcltek a m\u0171vel\u0151d\u00e9si h\u00e1z szolg\u00e1ltat\u00e1sai, m\u00e1ra azonban a lakoss\u00e1gi szolg\u00e1ltat\u00e1sok a meghat\u00e1roz\u00f3ak.<\/p>\n<p><img loading=\"lazy\" decoding=\"async\" class=\"aligncenter wp-image-66 size-full\" src=\"http:\/\/nepmesepont.hu\/nyiregyhaza\/wp-content\/uploads\/sites\/3\/2018\/08\/fenntartorol1.jpg\" alt=\"\" width=\"720\" height=\"625\" srcset=\"http:\/\/nepmesepont.hu\/nyiregyhaza\/wp-content\/uploads\/sites\/3\/2018\/08\/fenntartorol1.jpg 720w, http:\/\/nepmesepont.hu\/nyiregyhaza\/wp-content\/uploads\/sites\/3\/2018\/08\/fenntartorol1-300x260.jpg 300w, http:\/\/nepmesepont.hu\/nyiregyhaza\/wp-content\/uploads\/sites\/3\/2018\/08\/fenntartorol1-403x350.jpg 403w, http:\/\/nepmesepont.hu\/nyiregyhaza\/wp-content\/uploads\/sites\/3\/2018\/08\/fenntartorol1-150x130.jpg 150w\" sizes=\"auto, (max-width: 720px) 100vw, 720px\" \/><\/p>\n<p>A ny\u00edregyh\u00e1zi VOKE Vasutas M\u0171vel\u0151d\u00e9si H\u00e1z \u00e9s K\u00f6nyvt\u00e1r, mint ahogy neve is mutatja, t\u00f6bbc\u00e9l\u00fa k\u00f6zm\u0171vel\u0151d\u00e9si int\u00e9zm\u00e9ny. A hagyom\u00e1nyos k\u00f6zm\u0171vel\u0151d\u00e9si feladatok mellett k\u00f6nyvt\u00e1ri tev\u00e9kenys\u00e9get is ell\u00e1tunk, feln\u0151ttek tov\u00e1bbk\u00e9pz\u00e9s\u00e9vel, valamint az eg\u00e9sz \u00e9leten \u00e1t tart\u00f3 tanul\u00e1s n\u00e9pszer\u0171s\u00edt\u00e9s\u00e9vel is t\u00e1mogatjuk a lakoss\u00e1g k\u00e9pzetts\u00e9gi szintj\u00e9nek emel\u00e9s\u00e9t. Fontos sz\u00e1munkra, hogy minden l\u00e1togat\u00f3 hozz\u00e1 tudjon f\u00e9rni a sz\u00e1m\u00e1ra \u00e9ppen sz\u00fcks\u00e9ges inform\u00e1ci\u00f3hoz, szolg\u00e1ltat\u00e1sokhoz.<\/p>\n<p>&nbsp;<\/p>\n<p>Szervezet\u00fcnk kiemelt c\u00e9lja, hogy minden koroszt\u00e1ly sz\u00e1m\u00e1ra biztos\u00edtsa a v\u00e1ltoz\u00f3 t\u00e1rsadalmi k\u00f6r\u00fclm\u00e9nyekhez \u00e9s ig\u00e9nyekhez igazod\u00f3an a hagyom\u00e1nyos kult\u00fara-k\u00f6zvet\u00edt\u00e9s \u00e9s a k\u00f6zk\u00f6nyvt\u00e1ri szolg\u00e1ltat\u00e1sok elemeit, el\u0151mozd\u00edtsa a t\u00e1rsadalmi reintegr\u00e1ci\u00f3t k\u00fcl\u00f6n\u00f6sen a fiatalok, h\u00e1tr\u00e1nyos helyzet\u0171 csoportok tagjainak k\u00e9pz\u00e9s\u00e9vel, hozz\u00e1j\u00e1ruljon az \u00e9letsz\u00ednvonal emel\u00e9s\u00e9hez az \u00e9lethosszig tart\u00f3 tanul\u00e1s szeml\u00e9let\u00e9nek terjeszt\u00e9s\u00e9vel.<\/p>\n<p>&nbsp;<\/p>\n<p>Ennek \u00e9rdek\u00e9ben biztos\u00edtjuk Ny\u00edregyh\u00e1za v\u00e1ros \u00e9s vonz\u00e1sk\u00f6rzet\u00e9n \u00e9l\u0151k sz\u00e1m\u00e1ra a szervezett k\u00f6z\u00f6ss\u00e9gi \u00e9let sz\u00ednter\u00e9t k\u00fcl\u00f6nb\u00f6z\u0151 klubok \u00e9s szakk\u00f6r\u00f6k form\u00e1j\u00e1ban, k\u00f6zoktat\u00e1si int\u00e9zm\u00e9nyekkel k\u00f6t\u00f6tt egy\u00fcttm\u0171k\u00f6d\u00e9si meg\u00e1llapod\u00e1sok keret\u00e9ben kiemelt figyelmet ford\u00edtunk a gyermekek kreat\u00edv kompetenci\u00e1j\u00e1nak fejleszt\u00e9s\u00e9re, tehets\u00e9ggondoz\u00e1sra.<\/p>\n<p>A feln\u0151ttek tov\u00e1bbk\u00e9pz\u00e9s\u00e9vel kiemelt figyelmet szentel\u00fcnk a digit\u00e1lis \u00edr\u00e1studatlans\u00e1g felsz\u00e1mol\u00e1s\u00e1ra. C\u00e9lcsoportjaink k\u00f6z\u00f6tt kiemelt helyet foglalnak el a h\u00e1tr\u00e1nyos helyzet\u0171 embert\u00e1rsaink, valamint szervezeti elhivatotts\u00e1gunkb\u00f3l ad\u00f3d\u00f3an a vasutass\u00e1g n\u00e9pes t\u00e1bora is.<\/p>\n<p>&nbsp;<\/p>\n<p><strong>Int\u00e9zm\u00e9ny\u00fcnk jelmondata: K\u00f6z\u00f6ss\u00e9gi \u00e9lm\u00e9nyekben utazunk\u2026<\/strong><\/p>\n<p>&nbsp;<\/p>\n<p><strong>Strat\u00e9giai c\u00e9lkit\u0171z\u00e9s\u00fcnk<\/strong><\/p>\n<p>C\u00e9lunk egy olyan t\u00f6bbc\u00e9l\u00fa k\u00f6z\u00f6ss\u00e9gi teret m\u0171k\u00f6dtetni, amely:<\/p>\n<p>&#8211; seg\u00edti a potenci\u00e1lis haszn\u00e1l\u00f3kat abban, hogy eligazodjanak az \u00e1llampolg\u00e1ri, a demokratikus jogi szab\u00e1lyoz\u00e1sban, biztos\u00edtsa sz\u00e1mukra a dokumentumokhoz val\u00f3 hozz\u00e1f\u00e9r\u00e9st, lehet\u0151s\u00e9get kell adni a helyi \u00e9s orsz\u00e1gos inform\u00e1ci\u00f3khoz val\u00f3 hozz\u00e1jut\u00e1shoz,<\/p>\n<p>&#8211; biztos\u00edtsa sz\u00e1mukra a szabadid\u0151 hasznos elt\u00f6lt\u00e9s\u00e9nek lehet\u0151s\u00e9g\u00e9t, amely a hasznos id\u0151t\u00f6lt\u00e9sen t\u00falmutatva hozz\u00e1j\u00e1rul kompetenci\u00e1ik fejleszt\u00e9s\u00e9hez, az \u00e9lethosszig tart\u00f3 tanul\u00e1s szeml\u00e9let\u00e9nek terjeszt\u00e9s\u00e9hez a form\u00e1lis, non-form\u00e1lis \u00e9s inform\u00e1lis tanul\u00e1s eszk\u00f6zeivel. Az id\u0151sek sz\u00e1m\u00e1ra g\u00e1tat szabni az elmag\u00e1nyosod\u00e1snak, seg\u00edteni \u0151ket az \u00faj technikai fejleszt\u00e9sek k\u00f6vet\u00e9s\u00e9ben.<\/p>\n<p>Szolg\u00e1ltat\u00e1saink nagy r\u00e9sz\u00e9t saj\u00e1t szervez\u00e9s\u0171 rendezv\u00e9nyeken, k\u00e9pz\u00e9seken kereszt\u00fcl ny\u00fajtjuk, de befogadjuk partneri kapcsolatainkon kereszt\u00fcl m\u00e1s civil szervezetek programj\u00e1t is. Non-profit szervezetk\u00e9nt fontos sz\u00e1munkra, hogy a nonprofit jelleg az \u00e1rk\u00e9pz\u00e9s\u00fcnkben is megjelenjen, \u00edgy a piaci \u00e1rn\u00e1l alacsonyabb \u00e1ron ny\u00fajtjuk szolg\u00e1ltat\u00e1sainkat, ezzel el\u00e9rve a h\u00e1tr\u00e1nyosabb t\u00e1rsadalmi r\u00e9tegeket is.<\/p>\n<p>&nbsp;<\/p>\n<p>Tev\u00e9kenys\u00e9gi k\u00f6r\u00fcnk k\u00e9t f\u0151 ir\u00e1nya a hagyom\u00e1nyos \u00e9rtelemben vett kult\u00farak\u00f6zvet\u00edt\u00e9s, valamint a t\u00e1rsadalom sz\u00e9les r\u00e9tegei sz\u00e1m\u00e1ra ny\u00fajtott k\u00e9pz\u00e9sek, tov\u00e1bbk\u00e9pz\u00e9sek szervez\u00e9se. Tev\u00e9kenys\u00e9geinket tekintve, egyar\u00e1nt k\u00f6zponti helyet kap a fiatal gener\u00e1ci\u00f3 \u00e9s az id\u0151s\u00f6d\u0151 nemzed\u00e9k is. Int\u00e9zm\u00e9ny\u00fcnk fogyat\u00e9koss\u00e1ggal \u00e9l\u0151 szem\u00e9lyek sz\u00e1m\u00e1ra is nyitott. A fizikai \u00e9s kommunik\u00e1ci\u00f3s akad\u00e1lymentes\u00edt\u00e9s 2002-ben megt\u00f6rt\u00e9nt, 2006-ban pedig pelenk\u00e1z\u00f3 helyis\u00e9get l\u00e9tes\u00edtett\u00fcnk, \u00edgy elnyert\u00fck a \u201ebababar\u00e1t\u201d ter\u00fclet c\u00edmet.<\/p>\n<p>&nbsp;<\/p>\n<p>A H\u00e1zban 10 \u00f6nszervez\u0151d\u0151 klub, kisk\u00f6z\u00f6ss\u00e9g m\u0171k\u00f6dik, amelyek rendszeresen megtartott foglalkoz\u00e1saikon tesznek szert \u00faj ismeretekre. El\u0151ad\u00e1sokat hallgatnak meg k\u00fcl\u00f6nb\u00f6z\u0151 t\u00e9m\u00e1ban, n\u00e9vnapi \u00fcnneps\u00e9geket, b\u00e1lokat szerveznek. Gyakran vesznek r\u00e9szt az orsz\u00e1g k\u00fcl\u00f6nb\u00f6z\u0151 pontjain rendezv\u00e9nyeken, nemzetk\u00f6zi tal\u00e1lkoz\u00f3kon k\u00fclf\u00f6ld\u00f6n ill. int\u00e9zm\u00e9ny\u00fcnkben is \u00e9vente t\u00f6bbsz\u00f6r tartanak nagyobb rendezv\u00e9nyeket.<\/p>\n<p>A kultur\u00e1lis programok mellett k\u00edn\u00e1lunk mozg\u00e1sra, eg\u00e9szs\u00e9gmeg\u0151rz\u00e9sre alkalmas foglalkoz\u00e1sokat (pl. modernt\u00e1nc, \u00f6nv\u00e9delmi foglalkoz\u00e1sok, j\u00f3ga). Hagyom\u00e1nyosan figyelmet szentel\u00fcnk az id\u0151sebb koroszt\u00e1lynak, akik sz\u00e1m\u00e1ra \u201eeg\u00e9szs\u00e9ges \u00e9letm\u00f3d\u201d el\u0151ad\u00e1sokat szervez\u00fcnk.<\/p>\n<p>A M\u0171vel\u0151d\u00e9si H\u00e1z mintegy 7.000 k\u00f6tetes k\u00f6nyvt\u00e1rral rendelkezik, mely szerepel a nyilv\u00e1nos k\u00f6nyvt\u00e1rak jegyz\u00e9k\u00e9be. A helyis\u00e9g vakok \u00e9s gyeng\u00e9n l\u00e1t\u00f3k sz\u00e1m\u00e1ra is alkalmas eszk\u00f6z\u00f6kkel van felszerelve: Az el\u0151t\u00e9rben, illetve a k\u00f6nyvt\u00e1rban Digit\u00e1lis J\u00f3l\u00e9t Pont m\u0171k\u00f6dik, mely nyilv\u00e1nos internet-hozz\u00e1f\u00e9r\u00e9st biztos\u00edt valamennyi l\u00e1togat\u00f3nk sz\u00e1m\u00e1ra.<\/p>\n<p>Termeink el\u0151ad\u00e1sok, term\u00e9kbemutat\u00f3k, csal\u00e1di rendezv\u00e9nyek, konferenci\u00e1k megrendez\u00e9s\u00e9re kiv\u00e1l\u00f3an alkalmasak, ig\u00e9ny szerint, el\u0151zetes egyeztet\u00e9s alapj\u00e1n kib\u00e9relhet\u0151k.<\/p>\n<p>&nbsp;<\/p>\n<p>Az elm\u00falt \u00e9vek munk\u00e1j\u00e1t tekintve folytat\u00f3dott a mennyis\u00e9gi \u00e9s min\u0151s\u00e9gi fejl\u0151d\u00e9s int\u00e9zm\u00e9ny\u00fcnkben. A folyamatos fejleszt\u00e9s eredm\u00e9nyek\u00e9ppen szolg\u00e1ltat\u00e1saink b\u0151v\u00fcltek \u00e9s sz\u00ednvonalasabb\u00e1 v\u00e1ltak. M\u0171vel\u0151d\u0151 kiscsoportjaink stabilan m\u0171k\u00f6dnek. Egyre nagyobb l\u00e1togat\u00f3i sz\u00e1mmal rendezz\u00fck programjainkat. Klubjaink, k\u00f6z\u00f6ss\u00e9geink programjainak megval\u00f3s\u00edt\u00e1s\u00e1ban is akt\u00edv szerepet v\u00e1llalunk.<\/p>\n<p>C\u00e9lunk a v\u00e1roslak\u00f3k \u00e9rdekeit szolg\u00e1lni, kultur\u00e1lis ig\u00e9nyeit kiel\u00e9g\u00edteni, hogy a j\u00f6v\u0151ben is megb\u00edzhat\u00f3, magas sz\u00ednvonal\u00fa szolg\u00e1ltat\u00e1ssal \u00e9rj\u00fck el l\u00e1togat\u00f3ink, megel\u00e9gedetts\u00e9g\u00e9t tev\u00e9kenys\u00e9geink, szolg\u00e1ltat\u00e1saink sor\u00e1n.<\/p>\n<p>&nbsp;<\/p>\n<p>T\u00e1mogatjuk az \u00e9lethosszig tart\u00f3 tanul\u00e1s n\u00e9pszer\u0171s\u00edt\u00e9s\u00e9t, az oktat\u00e1s min\u0151s\u00e9g\u00e9nek fejleszt\u00e9s\u00e9t, az informatikai kult\u00fara terjed\u00e9s\u00e9t.<\/p>\n<p>&nbsp;<\/p>\n<p>Feladatunknak tekintj\u00fck a helyi m\u0171vel\u0151d\u00e9s \u00e9rt\u00e9khordoz\u00f3 hagyom\u00e1nyainak t\u00e1mogat\u00e1s\u00e1t, a k\u00f6z\u00f6ss\u00e9gek megteremt\u00e9s\u00e9t, a k\u00f6z\u00f6ss\u00e9gi m\u0171vel\u0151d\u00e9s fejleszt\u00e9s\u00e9t, a m\u0171v\u00e9szeti \u00e9let p\u00e1rtol\u00e1s\u00e1t, az \u00faj k\u00f6zm\u0171vel\u0151d\u00e9si form\u00e1k alkalmaz\u00e1s\u00e1t, a kultur\u00e1lis kezdem\u00e9nyez\u00e9sek befogad\u00e1s\u00e1t \u00e9s a min\u0151s\u00e9gi munka megteremt\u00e9s\u00e9t.<\/p>\n<p>&nbsp;<\/p>\n<p>Int\u00e9zm\u00e9ny\u00fcnk, a t\u00f6bbi t\u00e1rsint\u00e9zm\u00e9nnyel egy\u00fctt a leszakad\u00f3 r\u00e9tegek t\u00e1mogat\u00f3ja, a k\u00f6z\u00f6ss\u00e9gteremt\u00e9s p\u00f3tolhatatlan sz\u00edntere. Egyik alapvet\u0151 feladata a lak\u00f3k\u00f6rzet (mintegy 20 ezer lakos) k\u00f6zm\u0171vel\u0151d\u00e9si alapell\u00e1t\u00e1s\u00e1nak biztos\u00edt\u00e1sa, szakszer\u0171 megval\u00f3s\u00edt\u00e1sa. Ezen fel\u00fcl a v\u00e1ros eg\u00e9sz lakoss\u00e1g\u00e1nak biztos\u00edtunk programokat, rendezv\u00e9nyeket, valamint csatlakozhatnak klubjaink, k\u00f6reink tagjaihoz.<\/p>\n<p>&nbsp;<\/p>\n<p><strong>Az int\u00e9zm\u00e9ny nyitva tart\u00e1sa: <\/strong><\/p>\n<p>VOKE Vasutas M\u0171vel\u0151d\u00e9si H\u00e1z \u00e9s K\u00f6nyvt\u00e1r<\/p>\n<p>H\u00e9tf\u0151 \u2013 P\u00e9ntek: 8.00 \u2013 20.00 \u00f3ra (K\u00f6nyvt\u00e1r 8.00 \u2013 17.00 \u00f3ra)<\/p>\n<p>Szombat: 8.00 \u2013 14.00 \u00f3ra<\/p>\n<p>Vas\u00e1rnap, Munkasz\u00fcneti nap: a nyitva tart\u00e1s rendezv\u00e9ny f\u00fcggv\u00e9nye.<\/p>\n<p>&nbsp;<\/p>\n<p><strong>P\u00e1ly\u00e1zati tev\u00e9kenys\u00e9geink<\/strong><\/p>\n<p>Egy\u00e9b felt\u00e9telek mellett a v\u00e1rossal kor\u00e1bban k\u00f6t\u00f6tt k\u00f6zm\u0171vel\u0151d\u00e9si meg\u00e1llapod\u00e1s lehet\u0151v\u00e9 tette sz\u00e1munkra, hogy Uni\u00f3s forr\u00e1sokra is p\u00e1ly\u00e1zhassunk. Pozit\u00edv elb\u00edr\u00e1l\u00e1sban r\u00e9szes\u00fcltek az al\u00e1bbi p\u00e1ly\u00e1zataink, melyek megval\u00f3s\u00edt\u00e1sa id\u00e9n tavasszal elkezd\u0151d\u00f6tt:<\/p>\n<p><strong>EFOP-5.2.2-17-2017-00117<\/strong> Transznacion\u00e1lis egy\u00fcttm\u0171k\u00f6d\u00e9sek \u2013 A k\u00f6zm\u0171vel\u0151d\u00e9s szerepe az \u00e9lethosszig tart\u00f3 tanul\u00e1sban<\/p>\n<p><strong>EFOP \u2013 3.7.3-16-2017-00010 <\/strong>Az eg\u00e9sz \u00e9leten \u00e1t tart\u00f3 tanul\u00e1shoz hozz\u00e1f\u00e9r\u00e9s biztos\u00edt\u00e1sa \u2013 K\u00f6z\u00f6ss\u00e9gi \u00e9lm\u00e9nyekben utazunk<\/p>\n<p><strong>EFOP-3.3.2-16-2016-00014<\/strong> Kultur\u00e1lis int\u00e9zm\u00e9nyek a k\u00f6znevel\u00e9s eredm\u00e9nyess\u00e9g\u00e9\u00e9rt \u2013 K\u00d6SZI- K\u00f6z\u00f6ss\u00e9gi szabadid\u0151s program a tehets\u00e9ges \u00e9s sikeres gyermekek\u00e9rt<\/p>\n<p><strong>EFOP-3.3.4-17-2017-00008<\/strong> A n\u00e9pmese anyanyelvi kompetenciafejleszt\u00e9s er\u0151s\u00edt\u00e9se az inform\u00e1lis \u00e9s a non-form\u00e1lis tanul\u00e1sban \u2013 Hetedh\u00e9t Mesevil\u00e1g<\/p>\n<p><strong>EFOP-5.2.4-17-2017-00005<\/strong> \u201dJ\u00f6v\u0151k\u00e9p \u2013 a k\u00f6zm\u0171vel\u0151d\u00e9si szerepv\u00e1llal\u00e1s er\u0151s\u00edt\u00e9se a gener\u00e1ci\u00f3k k\u00f6z\u00f6tti egy\u00fcttm\u0171k\u00f6d\u00e9s jav\u00edt\u00e1sa \u00e9rdek\u00e9ben\u201d (v\u00e1r\u00f3list\u00e1n)<\/p>\n","protected":false},"excerpt":{"rendered":"<p>A ny\u00edregyh\u00e1zi \u201eVasutas\u201d 2016-ban \u00e9vben \u00fcnnepelte fenn\u00e1ll\u00e1s\u00e1nak 100. \u00e9vfordul\u00f3j\u00e1t. Ez id\u0151 alatt a t\u00f6m\u00e9rdek szervezeti \u00e1talakul\u00e1s mellett folyamatosan m\u0171k\u00f6d\u00f6tt, b\u0151v\u00fclt, sz\u00e9p\u00fclt\u2026 Alap\u00edt\u00e1sa a vasutasok \u00f6nk\u00e9ntess\u00e9g\u00e9nek, kult\u00fara ir\u00e1nti ig\u00e9ny\u00e9nek k\u00f6sz\u00f6nhet\u0151. Saj\u00e1t kez\u00fckkel \u00e9p\u00edtett\u00e9k fel a h\u00e1zat. Kezdetben csak a vasutasok ig\u00e9nyeire \u00e9p\u00fcltek a m\u0171vel\u0151d\u00e9si h\u00e1z szolg\u00e1ltat\u00e1sai, m\u00e1ra azonban a lakoss\u00e1gi szolg\u00e1ltat\u00e1sok&#8230; <a class=\"continue-reading-link\" href=\"http:\/\/nepmesepont.hu\/nyiregyhaza\/a-fenntartorol\/\">Continue reading<\/a><\/p>\n","protected":false},"author":1,"featured_media":0,"parent":0,"menu_order":0,"comment_status":"closed","ping_status":"closed","template":"","meta":{"footnotes":""},"class_list":["post-17","page","type-page","status-publish","hentry"],"_links":{"self":[{"href":"http:\/\/nepmesepont.hu\/nyiregyhaza\/wp-json\/wp\/v2\/pages\/17","targetHints":{"allow":["GET"]}}],"collection":[{"href":"http:\/\/nepmesepont.hu\/nyiregyhaza\/wp-json\/wp\/v2\/pages"}],"about":[{"href":"http:\/\/nepmesepont.hu\/nyiregyhaza\/wp-json\/wp\/v2\/types\/page"}],"author":[{"embeddable":true,"href":"http:\/\/nepmesepont.hu\/nyiregyhaza\/wp-json\/wp\/v2\/users\/1"}],"replies":[{"embeddable":true,"href":"http:\/\/nepmesepont.hu\/nyiregyhaza\/wp-json\/wp\/v2\/comments?post=17"}],"version-history":[{"count":4,"href":"http:\/\/nepmesepont.hu\/nyiregyhaza\/wp-json\/wp\/v2\/pages\/17\/revisions"}],"predecessor-version":[{"id":80,"href":"http:\/\/nepmesepont.hu\/nyiregyhaza\/wp-json\/wp\/v2\/pages\/17\/revisions\/80"}],"wp:attachment":[{"href":"http:\/\/nepmesepont.hu\/nyiregyhaza\/wp-json\/wp\/v2\/media?parent=17"}],"curies":[{"name":"wp","href":"https:\/\/api.w.org\/{rel}","templated":true}]}}