{"id":808,"date":"2019-09-16T12:47:47","date_gmt":"2019-09-16T12:47:47","guid":{"rendered":"http:\/\/nepmesepont.hu\/miskolc\/?page_id=808"},"modified":"2020-11-24T16:26:29","modified_gmt":"2020-11-24T16:26:29","slug":"a-projekt-tartalmanak-bemutatasa","status":"publish","type":"page","link":"http:\/\/nepmesepont.hu\/miskolc\/a-projekt-tartalmanak-bemutatasa\/","title":{"rendered":"A projekt tartalm\u00e1nak bemutat\u00e1sa"},"content":{"rendered":"<p><em><strong>\u2022 a kedvezm\u00e9nyezett neve: VOKE V\u00f6r\u00f6smarty Mih\u00e1ly M\u0171vel\u0151d\u00e9si H\u00e1z <\/strong><\/em><\/p>\n<p><em><strong>\u2022 a projekt c\u00edme: &#8220;G\u00f6m\u00f6rorsz\u00e1g kapuja&#8221; <\/strong><\/em><\/p>\n<p><em><strong>\u2022 a szerz\u0151d\u00f6tt t\u00e1mogat\u00e1s \u00f6sszege: 79 991 527 Ft <\/strong><\/em><\/p>\n<p><em><strong>\u2022 a t\u00e1mogat\u00e1s m\u00e9rt\u00e9ke (%-ban): 100 %<\/strong><\/em><\/p>\n<p><em><strong> \u2022 a projekt kezd\u0151 d\u00e1tuma: 2018.06.01 <\/strong><\/em><\/p>\n<p><em><strong>\u2022 a projekt tervezett befejez\u00e9si d\u00e1tuma (ha megval\u00f3sult, akkor a t\u00e9nyleges befejez\u00e9s): 2021.05.31 <\/strong><\/em><\/p>\n<p><em><strong>\u2022 projekt azonos\u00edt\u00f3 sz\u00e1ma: EFOP-3.3.4-17-2017-00014<\/strong><\/em><\/p>\n<p>&nbsp;<\/p>\n<p>A hagyom\u00e1nyos magyar n\u00e9pmesekincs k\u00f6znevel\u00e9sbe t\u00f6rt\u00e9n\u0151 min\u00e9l sz\u00e9lesebb k\u00f6r\u0171 be\u00e9p\u00edt\u00e9se, a k\u00f6telez\u0151 \u00e9s fakultat\u00edv oktat\u00e1s-k\u00e9pz\u00e9sek keret\u00e9ben kultur\u00e1lis, m\u0171vel\u0151d\u00e9si szerep\u00e9nek er\u0151s\u00edt\u00e9se, az eg\u00e9sz \u00e9leten \u00e1t tart\u00f3 tanul\u00e1s \u00e9s a h\u00e1tr\u00e1nyos helyzet\u0171 fiatalok kompetenciafejleszt\u00e9se, valamint a hagyom\u00e1ny\u0151rz\u00e9s, a n\u00e9pi trad\u00edci\u00f3k \u00e9s a tartalmas, ig\u00e9nyes \u00e9s \u00e9rt\u00e9kes kultur\u00e1lis id\u0151t\u00f6lt\u00e9s \u00e9rdek\u00e9ben alkottuk meg &#8220;G\u00f6m\u00f6rorsz\u00e1g Kapuja&#8221; c\u00edmmel a miskolci VOKE V\u00f6r\u00f6smarty Mih\u00e1ly M\u0171vel\u0151d\u00e9si H\u00e1z szakmai programj\u00e1t, amelynek k\u00f6zponti elemei \u00e9s f\u0151 mot\u00edvumai a g\u00f6m\u00f6ri \u00e9s a pal\u00f3c helyi tradicion\u00e1lis n\u00e9pmes\u00e9k \u00e9s szok\u00e1sok, s mindez az install\u00e1ci\u00f3ban, arculatban, mind a tematik\u00e1ban, a programokban visszak\u00f6sz\u00f6n.<\/p>\n<p>A mes\u00e9k vil\u00e1g\u00e1ba val\u00f3 bekapcsol\u00f3d\u00e1s a paraszti t\u00e1rsadalomban is mindig k\u00f6z\u00f6ss\u00e9gi esem\u00e9ny volt. A hideg t\u00e9li est\u00e9ken k\u00f6rbe\u00fclt\u00e9k a mesemond\u00f3kat \u00e9s hallgatt\u00e1k azok elbesz\u00e9l\u00e9seiket. Az ismeretek k\u00f6z\u00f6s \u00e9lm\u00e9nny\u00e9 t\u00e9tele a jelenkori pedag\u00f3gia egyik legfontosabb c\u00e9ljai k\u00f6z\u00e9 tartozik. A miskolci N\u00e9pmesePontban lehet\u0151s\u00e9g ny\u00edlik arra, hogy a K\u00e1rp\u00e1t-medencei magyars\u00e1g h\u00e1rom nagy t\u00e1jegys\u00e9geinek mesekincs\u00e9t bemutathassuk. Miskolcot \u00e9szakr\u00f3l a Felf\u00f6ld, nyugatr\u00f3l az Alf\u00f6ld, keletr\u0151l pedig a Partium, Erd\u00e9ly \u00f6vezi. 1920-ig a h\u00e1rom t\u00e1jegys\u00e9g intenz\u00edv gazdas\u00e1gi-, kultur\u00e1lis- \u00e9s t\u00e1rsadalmi \u00e9letet \u00e9lt, melyet az orsz\u00e1gr\u00e9sz veszt\u00e9sekkel v\u00e9get \u00e9rtek.\u00a0 A h\u00e1rom nagy t\u00e1jegys\u00e9g k\u00fcl\u00f6nb\u00f6z\u0151s\u00e9gei ellen\u00e9re megegyeznek abban, hogy egyar\u00e1nt kedveltek benne M\u00e1ty\u00e1s kir\u00e1ly mes\u00e9i. M\u00e1ty\u00e1s kir\u00e1ly mes\u00e9i (melyek m\u00e9g Szlov\u00e9ni\u00e1ban \u00e9s Horv\u00e1torsz\u00e1gban is leggyakoribb n\u00e9pmes\u00e9knek sz\u00e1m\u00edtanak) a j\u00f3 \u00e9s igazs\u00e1gos kir\u00e1ly idealiz\u00e1lt alakj\u00e1t mutatja be, ki minden k\u00f6r\u00fclm\u00e9ny k\u00f6z\u00f6tt meg tudja k\u00fcl\u00f6nb\u00f6ztetni a j\u00f3t \u00e9s a rosszat \u00e9s ez alapj\u00e1n cselekszik. A mes\u00e9k, a mor\u00e1lis helyt\u00e1ll\u00e1s magatart\u00e1s mint\u00e1inak \u00fczenet\u00e9t is k\u00f6zvet\u00edtik.<\/p>\n<p>Az interakt\u00edv ki\u00e1ll\u00edt\u00f3 t\u00e9r lehet\u0151s\u00e9get ad arra, hogy a mes\u00e9k vil\u00e1g\u00e1t megismerhess\u00fck. A k\u00f6z\u00e9pkori t\u00f6rt\u00e9netek lehet\u0151s\u00e9get ny\u00fajtanak arra, hogy lovagk\u00e9nt vagy \u00farn\u0151k\u00e9nt viselkedhess\u00fcnk, lovagi torn\u00e1kon, vagy a kir\u00e1lyi udvarban k\u00e9zimunk\u00e1kon dolgozhassunk. A k\u00e9zm\u0171ves \u00e9s egy\u00e9b foglalkoz\u00e1sok mellett pedig megismerhetj\u00fck a magyar n\u00e9p tradicion\u00e1lis mesters\u00e9geit, melyek sz\u00e1mos eseten M\u00e1ty\u00e1s kir\u00e1ly \u00e9let\u00e9ben is jelen voltak. Fazekasok, t\u00edm\u00e1rok, sz\u0171cs\u00f6k, bogn\u00e1rok, sz\u0171cs\u00f6k, varg\u00e1k eg\u00e9szen a m\u00e1sodik vil\u00e1gh\u00e1bor\u00faig jelen volt Miskolc utc\u00e1in is.<br \/>\nAz \u00e9szaki k\u00f6z\u00e9phegys\u00e9g v\u00e1rai mellett, a g\u00f6m\u00f6ri hagyom\u00e1nyok bemutat\u00e1s\u00e1val lehet\u0151s\u00e9g ny\u00edlik arra is, hogy a felvid\u00e9ki magyars\u00e1g hagyom\u00e1nyait, t\u00f6rt\u00e9nelm\u00e9t a fiatalok jobban megismerhess\u00e9k. A g\u00f6m\u00f6ri b\u00e1ny\u00e1k (pl. Rozsny\u00f3) hiedelemt\u00f6rt\u00e9netei k\u00f6zelebbiv\u00e9, megismerhet\u0151v\u00e9 teszik a miskolci di\u00e1kok sz\u00e1m\u00e1ra f\u00f6ldrajzi k\u00f6rnyezet\u00fck szellemi hagyom\u00e1nyait.<\/p>\n<p>L\u00e9trehozand\u00f3 N\u00e9pmesePontunk egyedi l\u00e1tv\u00e1nyvil\u00e1ggal, modern eszk\u00f6zrendszerrel, tradicion\u00e1lis \u00e9rt\u00e9kek sor\u00e1val , m\u00e9gis innovat\u00edv megold\u00e1sokkal, az ifj\u00fas\u00e1g XXI. sz\u00e1zadi elv\u00e1r\u00e1sainak, ig\u00e9nyeinek megfelelve, a v\u00e1ros sz\u00edv\u00e9ben, iskol\u00e1kkal \u00e9s \u00f3vod\u00e1kkal k\u00f6r\u00fclv\u00e9ve v\u00e1rja az oktat\u00e1si-nevel\u00e9si int\u00e9zm\u00e9nyek gyermekeit a megyesz\u00e9khely mellett sz\u00e1mos k\u00f6rnyez\u0151 telep\u00fcl\u00e9sr\u0151l, \u00e9s v\u00e1rja a csal\u00e1dokat \u00e9s a nyugd\u00edjasokat is.<\/p>\n<p>A r\u00e9sztvev\u0151k sz\u00e1ma 2045 f\u0151, 16 egy\u00fcttm\u0171k\u00f6d\u0151 iskol\u00e1b\u00f3l \u00e9s 4 \u00f3vod\u00e1b\u00f3l, \u00edgy a kedvezm\u00e9nyezett \u00e9s komplex programmal fejlesztend\u0151 r\u00e9gi\u00f3kb\u00f3l is minim\u00e1lisan 20 sz\u00e1zal\u00e9k h\u00e1tr\u00e1nyos helyzet\u0171 di\u00e1k r\u00e9szv\u00e9tel\u00e9vel sz\u00e1molhatunk. Szakmai programunk \u00e9s a l\u00e1tv\u00e1nytervek mellett a h\u00e1rom\u00e9ves megval\u00f3s\u00edt\u00e1si id\u0151szak eg\u00e9sz\u00e9re vonatkoz\u00f3 programunk napi bont\u00e1s\u00fa konkr\u00e9t programtervezet\u00e9t is mell\u00e9kelt\u00fck. Borsod-Aba\u00faj-Zempl\u00e9n megy\u00e9ben egyed\u00fcli p\u00e1ly\u00e1z\u00f3 int\u00e9zm\u00e9nyk\u00e9nt tudjuk v\u00e1llalni a folyamatos, \u00e9vszakt\u00f3l \u00e9s \u00fcnnepekt\u0151l f\u00fcggetlen m\u0171k\u00f6d\u00e9st \u00e9s nyitva tart\u00e1st a p\u00e1ly\u00e1zat megval\u00f3s\u00edt\u00e1si \u00e9s fenntart\u00e1si id\u0151szak\u00e1ban, ugyanis m\u0171k\u00f6d\u00e9s\u00fcnk nem f\u00fcgg az id\u0151j\u00e1r\u00e1si k\u00f6r\u00fclm\u00e9nyekt\u0151l, a turisztikai id\u0151szakokt\u00f3l, \u00e9s fenntart\u00f3i k\u00f6lts\u00e9gcs\u00f6kkent\u00e9sekt\u0151l sem.<\/p>\n<p>Szakmai programunk, valamint a h\u00e1romdimenzi\u00f3s l\u00e1tv\u00e1nytervek elk\u00e9sz\u00edt\u00e9sekor konzult\u00e1ltunk a Hagyom\u00e1nyok H\u00e1z\u00e1val, a Magyars\u00e1g H\u00e1z\u00e1val \u00e9s az \u00c9szakkelet-magyarorsz\u00e1gi Region\u00e1lis Versmond\u00f3 Egyes\u00fclettel is, ell\u00e1togattunk a budapesti Mesem\u00fazeumba \u00e9s m\u00e1s interakt\u00edv alkot\u00f3h\u00e1zakba.<br \/>\nP\u00e1ly\u00e1zatunk a k\u00f6znevel\u00e9sben r\u00e9sztvev\u0151, valamint a h\u00e1tr\u00e1nyos\/halmozottan h\u00e1tr\u00e1nyos helyzet\u0171 tanul\u00f3k k\u00f6r\u00e9re k\u00fcl\u00f6n koncentr\u00e1l, t\u00f6bb telep\u00fcl\u00e9sr\u0151l, komplex fejlesztend\u0151 j\u00e1r\u00e1sb\u00f3l is bevonva \u0151ket, seg\u00edtve, t\u00e1mogatva a kompetenci\u00e1k fejleszt\u00e9s\u00e9t, a k\u00e9pess\u00e9g- \u00e9s k\u00e9szs\u00e9gfejleszt\u00e9st, emellett \u00e1t k\u00edv\u00e1nja venni a trad\u00edci\u00f3khoz \u00e9s az ig\u00e9nyes kult\u00far\u00e1hoz nem k\u00f6t\u0151d\u0151 kereskedelmi l\u00e1ncok k\u00f6z\u00f6ss\u00e9gi t\u00e9r funkci\u00f3j\u00e1t is, hogy a N\u00e9pmesePont legyen az, ahov\u00e1 a csal\u00e1dok, a gyerekk\u00f6z\u00f6ss\u00e9gek, a pedag\u00f3gusok \u00e9s a m\u0171velt \u00e9rtelmis\u00e9g szabadidej\u00e9ben ell\u00e1togat.<\/p>\n<p>A Tornaljai V\u00e1rosi M\u0171vel\u0151d\u00e9si K\u00f6zponton kereszt\u00fcl bevonjuk a helyi szlov\u00e1k kisebbs\u00e9get, \u00e9s seg\u00edtenek benn\u00fcnket a helyi n\u00e9pmesehagyom\u00e1nyok feldolgoz\u00e1s\u00e1ban is. A F\u00fcgedi M\u00e1rta N\u00e9pm\u0171vel\u0151 Egyes\u00fclet \u00e9s a Tornaljai V\u00e1rosi M\u00fcvel\u0151d\u00e9si K\u00f6zpont a g\u00f6m\u00f6ri \u00e9s a pal\u00f3c n\u00e9pk\u00f6lt\u00e9szeti trad\u00edci\u00f3k feldolgoz\u00e1s\u00e1ban k\u00f6zrem\u0171k\u00f6dik, mint egy\u00fcttm\u0171k\u00f6d\u0151 partner.<\/p>\n","protected":false},"excerpt":{"rendered":"<p>\u2022 a kedvezm\u00e9nyezett neve: VOKE V\u00f6r\u00f6smarty Mih\u00e1ly M\u0171vel\u0151d\u00e9si H\u00e1z \u2022 a projekt c\u00edme: &#8220;G\u00f6m\u00f6rorsz\u00e1g kapuja&#8221; \u2022 a szerz\u0151d\u00f6tt t\u00e1mogat\u00e1s \u00f6sszege: 79 991 527 Ft \u2022 a t\u00e1mogat\u00e1s m\u00e9rt\u00e9ke (%-ban): 100 % \u2022 a projekt kezd\u0151 d\u00e1tuma: 2018.06.01 \u2022 a projekt tervezett befejez\u00e9si d\u00e1tuma (ha megval\u00f3sult, akkor a t\u00e9nyleges befejez\u00e9s): 2021.05.31&#8230; <a class=\"continue-reading-link\" href=\"http:\/\/nepmesepont.hu\/miskolc\/a-projekt-tartalmanak-bemutatasa\/\">Continue reading<\/a><\/p>\n","protected":false},"author":1,"featured_media":0,"parent":0,"menu_order":0,"comment_status":"closed","ping_status":"closed","template":"","meta":{"footnotes":""},"class_list":["post-808","page","type-page","status-publish","hentry"],"_links":{"self":[{"href":"http:\/\/nepmesepont.hu\/miskolc\/wp-json\/wp\/v2\/pages\/808","targetHints":{"allow":["GET"]}}],"collection":[{"href":"http:\/\/nepmesepont.hu\/miskolc\/wp-json\/wp\/v2\/pages"}],"about":[{"href":"http:\/\/nepmesepont.hu\/miskolc\/wp-json\/wp\/v2\/types\/page"}],"author":[{"embeddable":true,"href":"http:\/\/nepmesepont.hu\/miskolc\/wp-json\/wp\/v2\/users\/1"}],"replies":[{"embeddable":true,"href":"http:\/\/nepmesepont.hu\/miskolc\/wp-json\/wp\/v2\/comments?post=808"}],"version-history":[{"count":2,"href":"http:\/\/nepmesepont.hu\/miskolc\/wp-json\/wp\/v2\/pages\/808\/revisions"}],"predecessor-version":[{"id":914,"href":"http:\/\/nepmesepont.hu\/miskolc\/wp-json\/wp\/v2\/pages\/808\/revisions\/914"}],"wp:attachment":[{"href":"http:\/\/nepmesepont.hu\/miskolc\/wp-json\/wp\/v2\/media?parent=808"}],"curies":[{"name":"wp","href":"https:\/\/api.w.org\/{rel}","templated":true}]}}