{"id":44,"date":"2018-08-23T13:07:07","date_gmt":"2018-08-23T13:07:07","guid":{"rendered":"http:\/\/nepmesepont.hu\/miskolc\/?page_id=44"},"modified":"2022-10-30T18:29:05","modified_gmt":"2022-10-30T18:29:05","slug":"galeriak","status":"publish","type":"page","link":"http:\/\/nepmesepont.hu\/miskolc\/galeriak\/","title":{"rendered":"Gal\u00e9ri\u00e1k"},"content":{"rendered":"<h4 style=\"text-align: center;\">Mes\u00e9k a Mikul\u00e1snak &#8211; mesemond\u00f3 verseny &#8211; 2019.12.06.<\/h4>\n<h4 style=\"text-align: center;\"><code id=\"envira_shortcode_id_691\"><code id=\"envira_shortcode_id_828\">[envira-gallery id=\"828\"]<\/code><\/code><\/h4>\n<h4 style=\"text-align: center;\">\u201eREG\u00d6S\u00d6K H\u00daRJ\u00c1N\u2026\u201d vers- \u00e9s pr\u00f3zamond\u00f3 verseny, valamint a \u201eT\u00c1LTOS VIL\u00c1G\u201d N\u00e9pmese- \u00e9s N\u00e9pballada El\u0151ad\u00f3i Tal\u00e1lkoz\u00f3<\/h4>\n<h4 style=\"text-align: center;\"><code id=\"envira_shortcode_id_691\">[envira-gallery id=\"691\"]<\/code><\/h4>\n<h4 style=\"text-align: center;\">A miskolci Szab\u00f3 L\u0151rinc \u00c1ltal\u00e1nos Iskola els\u0151 oszt\u00e1lyosai &#8211; 2019.01.16.<\/h4>\n<h4 style=\"text-align: center;\"><code id=\"envira_shortcode_id_607\">[envira-gallery id=\"607\"]<\/code><\/h4>\n<h4 style=\"text-align: center;\">KULT\u00daR\u00c1LIS \u00d3R\u00c1K 2019<\/h4>\n<p style=\"text-align: center;\">[envira-gallery id=&#8221;944&#8243;]<\/p>\n<h4 style=\"text-align: center;\">KULT\u00daR\u00c1LIS \u00d3R\u00c1K 2018<\/h4>\n<p style=\"text-align: center;\">[envira-gallery id=&#8221;928&#8243;]<\/p>\n<h4 style=\"text-align: center;\">Miskolci Herman Ott\u00f3 \u00c1ltal\u00e1nos Iskola foglalkoz\u00e1s &#8211; 2018.12.12<\/h4>\n<h4 style=\"text-align: center;\"><code id=\"envira_shortcode_id_463\">[envira-gallery id=\"463\"]<\/code><\/h4>\n<h4 style=\"text-align: center;\">Miskolci Arany J\u00e1nos \u00c1ltal\u00e1nos Iskola \u00e9s Alapfok\u00fa M\u0171v\u00e9szeti Iskola foglalkoz\u00e1s &#8211; 2018.12.11.<\/h4>\n<h4 style=\"text-align: center;\"><code id=\"envira_shortcode_id_382\">[envira-gallery id=\"382\"]<\/code><\/h4>\n<h4 style=\"text-align: center;\">Aranysz\u0151r\u0171 b\u00e1r\u00e1ny el\u0151ad\u00e1s &#8211; 2018.10.27<\/h4>\n<h4 style=\"text-align: center;\"><code id=\"envira_shortcode_id_366\">[envira-gallery id=\"366\"]<\/code><\/h4>\n<h4 style=\"text-align: center;\">Miskolci Szab\u00f3 L\u0151rinc \u00c1ltal\u00e1nos Iskola foglalkoz\u00e1s &#8211; 2018.10.18.<\/h4>\n<h4 style=\"text-align: center;\"><code id=\"envira_shortcode_id_346\">[envira-gallery id=\"346\"]<\/code><\/h4>\n<h4 style=\"text-align: center;\">N\u00e9pmese napja &#8211; 2018.09.30.<\/h4>\n<h4 style=\"text-align: center;\"><code id=\"envira_shortcode_id_333\">[envira-gallery id=\"333\"]<\/code><\/h4>\n<h4 style=\"text-align: center;\">Erd\u00e9lyi sz\u00ednj\u00e1tsz\u00f3k l\u00e1togat\u00e1sa &#8211; 2018.09.22.<\/h4>\n<h4 style=\"text-align: center;\"><code id=\"envira_shortcode_id_282\">[envira-gallery id=\"282\"]<\/code><\/h4>\n<h4 style=\"text-align: center;\">Cs\u00e9pai Eszter koncert<\/h4>\n<p style=\"text-align: center;\">2018 okt\u00f3ber 30-\u00e1n Cs\u00e9pai Eszter \u00e9s a Kismegszak\u00edt\u00f3k fergeteges hangulat\u00fa koncertj\u00e9t \u00e9lvezhett\u00fck G\u00f6m\u00f6rorsz\u00e1g kapuj\u00e1ban. A kort\u00e1rs k\u00f6lt\u0151k megzen\u00e9s\u00edtett verseit j\u00e1tsz\u00f3 csapat egy\u00fctt \u00e9nekelt \u00e9s t\u00e1ncolt a k\u00f6z\u00f6ns\u00e9ggel. K\u00f6sz\u00f6nj\u00fck a m\u0171v\u00e9szeknek, k\u00f6sz\u00f6nj\u00fck a vend\u00e9geknek!<\/p>\n<p style=\"text-align: center;\"><code id=\"envira_shortcode_239\">[envira-gallery id=\"239\"]<\/code><\/p>\n<h4 style=\"text-align: center;\">N\u00e9pmesepont Megnyit\u00f3 k\u00e9pei<\/h4>\n<p style=\"text-align: center;\"><code id=\"envira_shortcode_id_154\">[envira-gallery id=\"154\"]<\/code><\/p>\n<h4 style=\"text-align: center;\">L\u00e1tv\u00e1nytervek<\/h4>\n<p style=\"text-align: center;\">[envira-gallery id=&#8221;69&#8243;]<\/p>\n<h4 style=\"text-align: center;\">Munk\u00e1latok<\/h4>\n<p style=\"text-align: center;\">[envira-gallery id=&#8221;75&#8243;]<\/p>\n<p style=\"text-align: center;\">\n","protected":false},"excerpt":{"rendered":"<p>Mes\u00e9k a Mikul\u00e1snak &#8211; mesemond\u00f3 verseny &#8211; 2019.12.06. [envira-gallery id=&#8221;828&#8243;] \u201eREG\u00d6S\u00d6K H\u00daRJ\u00c1N\u2026\u201d vers- \u00e9s pr\u00f3zamond\u00f3 verseny, valamint a \u201eT\u00c1LTOS VIL\u00c1G\u201d N\u00e9pmese- \u00e9s N\u00e9pballada El\u0151ad\u00f3i Tal\u00e1lkoz\u00f3 [envira-gallery id=&#8221;691&#8243;] A miskolci Szab\u00f3 L\u0151rinc \u00c1ltal\u00e1nos Iskola els\u0151 oszt\u00e1lyosai &#8211; 2019.01.16. [envira-gallery id=&#8221;607&#8243;] KULT\u00daR\u00c1LIS \u00d3R\u00c1K 2019 [envira-gallery id=&#8221;944&#8243;] KULT\u00daR\u00c1LIS \u00d3R\u00c1K 2018 [envira-gallery id=&#8221;928&#8243;] Miskolci&#8230; <a class=\"continue-reading-link\" href=\"http:\/\/nepmesepont.hu\/miskolc\/galeriak\/\">Continue reading<\/a><\/p>\n","protected":false},"author":1,"featured_media":0,"parent":0,"menu_order":0,"comment_status":"closed","ping_status":"closed","template":"","meta":{"footnotes":""},"class_list":["post-44","page","type-page","status-publish","hentry"],"_links":{"self":[{"href":"http:\/\/nepmesepont.hu\/miskolc\/wp-json\/wp\/v2\/pages\/44","targetHints":{"allow":["GET"]}}],"collection":[{"href":"http:\/\/nepmesepont.hu\/miskolc\/wp-json\/wp\/v2\/pages"}],"about":[{"href":"http:\/\/nepmesepont.hu\/miskolc\/wp-json\/wp\/v2\/types\/page"}],"author":[{"embeddable":true,"href":"http:\/\/nepmesepont.hu\/miskolc\/wp-json\/wp\/v2\/users\/1"}],"replies":[{"embeddable":true,"href":"http:\/\/nepmesepont.hu\/miskolc\/wp-json\/wp\/v2\/comments?post=44"}],"version-history":[{"count":19,"href":"http:\/\/nepmesepont.hu\/miskolc\/wp-json\/wp\/v2\/pages\/44\/revisions"}],"predecessor-version":[{"id":973,"href":"http:\/\/nepmesepont.hu\/miskolc\/wp-json\/wp\/v2\/pages\/44\/revisions\/973"}],"wp:attachment":[{"href":"http:\/\/nepmesepont.hu\/miskolc\/wp-json\/wp\/v2\/media?parent=44"}],"curies":[{"name":"wp","href":"https:\/\/api.w.org\/{rel}","templated":true}]}}