{"id":6,"date":"2018-08-22T12:50:23","date_gmt":"2018-08-22T12:50:23","guid":{"rendered":"http:\/\/nepmesepont.hu\/kiskunfelegyhaza\/?page_id=6"},"modified":"2018-08-30T07:52:22","modified_gmt":"2018-08-30T07:52:22","slug":"nyitvatartas","status":"publish","type":"page","link":"http:\/\/nepmesepont.hu\/kiskunfelegyhaza\/nyitvatartas\/","title":{"rendered":"Nyitvatart\u00e1s"},"content":{"rendered":"<p style=\"text-align: center;\"><strong>Aranyalma N\u00e9pmesepont (Kiskunf\u00e9legyh\u00e1za)<\/strong><\/p>\n<p style=\"text-align: center;\"><strong>Nyitva tart\u00e1s: H\u00e9tf\u0151 kiv\u00e9tel\u00e9vel, minden nap: 10:00-18:00 k\u00f6z\u00f6tt<br \/>\n<\/strong>\u00a0\u00a0<strong>ig\u00e9ny szerint bejelentkez\u00e9s alapj\u00e1n<\/strong><\/p>\n","protected":false},"excerpt":{"rendered":"<p>Aranyalma N\u00e9pmesepont (Kiskunf\u00e9legyh\u00e1za) Nyitva tart\u00e1s: H\u00e9tf\u0151 kiv\u00e9tel\u00e9vel, minden nap: 10:00-18:00 k\u00f6z\u00f6tt \u00a0\u00a0ig\u00e9ny szerint bejelentkez\u00e9s alapj\u00e1n <a class=\"continue-reading-link\" href=\"http:\/\/nepmesepont.hu\/kiskunfelegyhaza\/nyitvatartas\/\">Continue reading<\/a><\/p>\n","protected":false},"author":1,"featured_media":0,"parent":0,"menu_order":0,"comment_status":"closed","ping_status":"closed","template":"","meta":{"footnotes":""},"class_list":["post-6","page","type-page","status-publish","hentry"],"_links":{"self":[{"href":"http:\/\/nepmesepont.hu\/kiskunfelegyhaza\/wp-json\/wp\/v2\/pages\/6","targetHints":{"allow":["GET"]}}],"collection":[{"href":"http:\/\/nepmesepont.hu\/kiskunfelegyhaza\/wp-json\/wp\/v2\/pages"}],"about":[{"href":"http:\/\/nepmesepont.hu\/kiskunfelegyhaza\/wp-json\/wp\/v2\/types\/page"}],"author":[{"embeddable":true,"href":"http:\/\/nepmesepont.hu\/kiskunfelegyhaza\/wp-json\/wp\/v2\/users\/1"}],"replies":[{"embeddable":true,"href":"http:\/\/nepmesepont.hu\/kiskunfelegyhaza\/wp-json\/wp\/v2\/comments?post=6"}],"version-history":[{"count":3,"href":"http:\/\/nepmesepont.hu\/kiskunfelegyhaza\/wp-json\/wp\/v2\/pages\/6\/revisions"}],"predecessor-version":[{"id":102,"href":"http:\/\/nepmesepont.hu\/kiskunfelegyhaza\/wp-json\/wp\/v2\/pages\/6\/revisions\/102"}],"wp:attachment":[{"href":"http:\/\/nepmesepont.hu\/kiskunfelegyhaza\/wp-json\/wp\/v2\/media?parent=6"}],"curies":[{"name":"wp","href":"https:\/\/api.w.org\/{rel}","templated":true}]}}