{"id":44,"date":"2018-08-23T13:07:07","date_gmt":"2018-08-23T13:07:07","guid":{"rendered":"http:\/\/nepmesepont.hu\/kiskunfelegyhaza\/?page_id=44"},"modified":"2018-10-24T13:05:56","modified_gmt":"2018-10-24T13:05:56","slug":"galeriak","status":"publish","type":"page","link":"http:\/\/nepmesepont.hu\/kiskunfelegyhaza\/galeriak\/","title":{"rendered":"Gal\u00e9ri\u00e1k"},"content":{"rendered":"<p style=\"text-align: center;\">L\u00e1tv\u00e1nyterv<\/p>\n<p><code id=\"envira_shortcode_id_81\">[envira-gallery id=\"81\"]<\/code><\/p>\n<p style=\"text-align: center;\">A meg\u00fajult n\u00e9pmesepont<\/p>\n<p>[envira-gallery id=&#8221;118&#8243;]<\/p>\n","protected":false},"excerpt":{"rendered":"<p>L\u00e1tv\u00e1nyterv [envira-gallery id=&#8221;81&#8243;] A meg\u00fajult n\u00e9pmesepont [envira-gallery id=&#8221;118&#8243;] <a class=\"continue-reading-link\" href=\"http:\/\/nepmesepont.hu\/kiskunfelegyhaza\/galeriak\/\">Continue reading<\/a><\/p>\n","protected":false},"author":1,"featured_media":0,"parent":0,"menu_order":0,"comment_status":"closed","ping_status":"closed","template":"","meta":{"footnotes":""},"class_list":["post-44","page","type-page","status-publish","hentry"],"_links":{"self":[{"href":"http:\/\/nepmesepont.hu\/kiskunfelegyhaza\/wp-json\/wp\/v2\/pages\/44","targetHints":{"allow":["GET"]}}],"collection":[{"href":"http:\/\/nepmesepont.hu\/kiskunfelegyhaza\/wp-json\/wp\/v2\/pages"}],"about":[{"href":"http:\/\/nepmesepont.hu\/kiskunfelegyhaza\/wp-json\/wp\/v2\/types\/page"}],"author":[{"embeddable":true,"href":"http:\/\/nepmesepont.hu\/kiskunfelegyhaza\/wp-json\/wp\/v2\/users\/1"}],"replies":[{"embeddable":true,"href":"http:\/\/nepmesepont.hu\/kiskunfelegyhaza\/wp-json\/wp\/v2\/comments?post=44"}],"version-history":[{"count":4,"href":"http:\/\/nepmesepont.hu\/kiskunfelegyhaza\/wp-json\/wp\/v2\/pages\/44\/revisions"}],"predecessor-version":[{"id":174,"href":"http:\/\/nepmesepont.hu\/kiskunfelegyhaza\/wp-json\/wp\/v2\/pages\/44\/revisions\/174"}],"wp:attachment":[{"href":"http:\/\/nepmesepont.hu\/kiskunfelegyhaza\/wp-json\/wp\/v2\/media?parent=44"}],"curies":[{"name":"wp","href":"https:\/\/api.w.org\/{rel}","templated":true}]}}