{"id":231,"date":"2018-10-23T16:32:00","date_gmt":"2018-10-23T16:32:00","guid":{"rendered":"http:\/\/nepmesepont.hu\/kiskunfelegyhaza\/?page_id=231"},"modified":"2023-03-10T16:56:28","modified_gmt":"2023-03-10T16:56:28","slug":"programok-fotoi","status":"publish","type":"page","link":"http:\/\/nepmesepont.hu\/kiskunfelegyhaza\/programok-fotoi\/","title":{"rendered":"Programok fot\u00f3i"},"content":{"rendered":"\n<p>ARANYALMA N\u00c9PMESEPONT MEGNYIT\u00d3J\u00c1NAK MEGH\u00cdV\u00d3JA<\/p>\n\n\n\n\n\t\t\n\t\t<div id=\"ep-gutenberg-content-fe3852a112c4b855f90fcab16712f854\" class=\"ep-gutenberg-content   ep-percentage-width   ep-content-protection-disabled \">\n\t\t\t<div class=\"embedpress-inner-iframe emebedpress-unit-percent ep-doc-fe3852a112c4b855f90fcab16712f854\"  style=\"max-width:1000%\" id=\"embedpress-pdf-1678465896576\">\n\t\t\t\t<div >\n\t\t\t\t\t<div class=\"ep-embed-content-wraper\"><div class=\"position-right-wraper gutenberg-pdf-wraper\"><iframe title=\"Megnyit\u00f3 plak\u00e1tja_2018.10.09\" class=\"embedpress-embed-document-pdf embedpress-pdf-1678465896576\" style=\"width:1000%;height:600px; max-width:100%; display: inline-block\" src=\"http:\/\/nepmesepont.hu\/kiskunfelegyhaza\/wp-admin\/admin-ajax.php?action=get_viewer&#038;file=http%3A%2F%2Fnepmesepont.hu%2Fkiskunfelegyhaza%2Fwp-content%2Fuploads%2Fsites%2F8%2F2023%2F03%2FMegnyito-plakatja_2018.10.09.pdf#key=dGhlbWVNb2RlPWRlZmF1bHQmdG9vbGJhcj10cnVlJnBvc2l0aW9uPXRvcCZwcmVzZW50YXRpb249dHJ1ZSZsYXp5TG9hZD1mYWxzZSZkb3dubG9hZD10cnVlJmNvcHlfdGV4dD10cnVlJmFkZF90ZXh0PXRydWUmZHJhdz10cnVlJmRvY19yb3RhdGlvbj10cnVlJmFkZF9pbWFnZT10cnVlJmRvY19kZXRhaWxzPXRydWUmem9vbV9pbj10cnVlJnpvb21fb3V0PXRydWUmZml0X3ZpZXc9dHJ1ZSZib29rbWFyaz10cnVlJmZsaXBib29rX3Rvb2xiYXJfcG9zaXRpb249Ym90dG9tJnNlbGVjdGlvbl90b29sPTAmc2Nyb2xsaW5nPS0xJnNwcmVhZHM9LTE=\" frameborder=\"0\" oncontextmenu=\"return false;\"><\/iframe> <p class=\"embedpress-el-powered\">Powered By EmbedPress<\/p><\/div><\/div>\n\t\t\t\t\t\t\t\t\t<\/div>\n\t\t\t<\/div>\n\t\t<\/div>\n\t\n\n\n<p>T\u00dcND\u00c9REK \u00c9S VAR\u00c1ZSL\u00d3K<\/p>\n\n\n\n\n\t\t\n\t\t<div id=\"ep-gutenberg-content-4acdafed2afe50f3aedcc889c7d4565e\" class=\"ep-gutenberg-content   ep-percentage-width   ep-content-protection-disabled \">\n\t\t\t<div class=\"embedpress-inner-iframe emebedpress-unit-percent ep-doc-4acdafed2afe50f3aedcc889c7d4565e\"  style=\"max-width:1000%\" id=\"embedpress-pdf-1678465923751\">\n\t\t\t\t<div >\n\t\t\t\t\t<div class=\"ep-embed-content-wraper\"><div class=\"position-right-wraper gutenberg-pdf-wraper\"><iframe title=\"Fot\u00f3dok-T\u00fcnd\u00e9rek \u00e9s var\u00e1zyl\u00f3k t\u00e1bor_2019.08.12-16\" class=\"embedpress-embed-document-pdf embedpress-pdf-1678465923751\" style=\"width:1000%;height:600px; max-width:100%; display: inline-block\" src=\"http:\/\/nepmesepont.hu\/kiskunfelegyhaza\/wp-admin\/admin-ajax.php?action=get_viewer&#038;file=http%3A%2F%2Fnepmesepont.hu%2Fkiskunfelegyhaza%2Fwp-content%2Fuploads%2Fsites%2F8%2F2023%2F03%2FFotodok-Tunderek-es-varazylok-tabor_2019.08.12-16.pdf#key=dGhlbWVNb2RlPWRlZmF1bHQmdG9vbGJhcj10cnVlJnBvc2l0aW9uPXRvcCZwcmVzZW50YXRpb249dHJ1ZSZsYXp5TG9hZD1mYWxzZSZkb3dubG9hZD10cnVlJmNvcHlfdGV4dD10cnVlJmFkZF90ZXh0PXRydWUmZHJhdz10cnVlJmRvY19yb3RhdGlvbj10cnVlJmFkZF9pbWFnZT10cnVlJmRvY19kZXRhaWxzPXRydWUmem9vbV9pbj10cnVlJnpvb21fb3V0PXRydWUmZml0X3ZpZXc9dHJ1ZSZib29rbWFyaz10cnVlJmZsaXBib29rX3Rvb2xiYXJfcG9zaXRpb249Ym90dG9tJnNlbGVjdGlvbl90b29sPTAmc2Nyb2xsaW5nPS0xJnNwcmVhZHM9LTE=\" frameborder=\"0\" oncontextmenu=\"return false;\"><\/iframe> <p class=\"embedpress-el-powered\">Powered By EmbedPress<\/p><\/div><\/div>\n\t\t\t\t\t\t\t\t\t<\/div>\n\t\t\t<\/div>\n\t\t<\/div>\n\t\n\n\n<p>N\u00c9PMESESZ\u00cdNHZ<\/p>\n\n\n\n\n\t\t\n\t\t<div id=\"ep-gutenberg-content-250c0243f25491f1a6eb98f84a644100\" class=\"ep-gutenberg-content   ep-percentage-width   ep-content-protection-disabled \">\n\t\t\t<div class=\"embedpress-inner-iframe emebedpress-unit-percent ep-doc-250c0243f25491f1a6eb98f84a644100\"  style=\"max-width:1000%\" id=\"embedpress-pdf-1678466377776\">\n\t\t\t\t<div >\n\t\t\t\t\t<div class=\"ep-embed-content-wraper\"><div class=\"position-right-wraper gutenberg-pdf-wraper\"><iframe title=\"Fot\u00f3dok-N\u00e9pmesesz\u00ednh\u00e1z &#8211; betlehemes_2018.12.23\" class=\"embedpress-embed-document-pdf embedpress-pdf-1678466377776\" style=\"width:1000%;height:600px; max-width:100%; display: inline-block\" src=\"http:\/\/nepmesepont.hu\/kiskunfelegyhaza\/wp-admin\/admin-ajax.php?action=get_viewer&#038;file=http%3A%2F%2Fnepmesepont.hu%2Fkiskunfelegyhaza%2Fwp-content%2Fuploads%2Fsites%2F8%2F2023%2F03%2FFotodok-Nepmeseszinhaz-betlehemes_2018.12.23.pdf#key=dGhlbWVNb2RlPWRlZmF1bHQmdG9vbGJhcj10cnVlJnBvc2l0aW9uPXRvcCZwcmVzZW50YXRpb249dHJ1ZSZsYXp5TG9hZD1mYWxzZSZkb3dubG9hZD10cnVlJmNvcHlfdGV4dD10cnVlJmFkZF90ZXh0PXRydWUmZHJhdz10cnVlJmRvY19yb3RhdGlvbj10cnVlJmFkZF9pbWFnZT10cnVlJmRvY19kZXRhaWxzPXRydWUmem9vbV9pbj10cnVlJnpvb21fb3V0PXRydWUmZml0X3ZpZXc9dHJ1ZSZib29rbWFyaz10cnVlJmZsaXBib29rX3Rvb2xiYXJfcG9zaXRpb249Ym90dG9tJnNlbGVjdGlvbl90b29sPTAmc2Nyb2xsaW5nPS0xJnNwcmVhZHM9LTE=\" frameborder=\"0\" oncontextmenu=\"return false;\"><\/iframe> <p class=\"embedpress-el-powered\">Powered By EmbedPress<\/p><\/div><\/div>\n\t\t\t\t\t\t\t\t\t<\/div>\n\t\t\t<\/div>\n\t\t<\/div>\n\t\n\n\n<!--nextpage-->\n\n\n\n<p>HUZELLA P\u00c9TER KONCERTEK<\/p>\n\n\n\n\n\t\t\n\t\t<div id=\"ep-gutenberg-content-2492d2ed840b5f5ba9e2f0872cd1126f\" class=\"ep-gutenberg-content   ep-percentage-width   ep-content-protection-disabled \">\n\t\t\t<div class=\"embedpress-inner-iframe emebedpress-unit-percent ep-doc-2492d2ed840b5f5ba9e2f0872cd1126f\"  style=\"max-width:1000%\" id=\"embedpress-pdf-1678466503278\">\n\t\t\t\t<div >\n\t\t\t\t\t<div class=\"ep-embed-content-wraper\"><div class=\"position-right-wraper gutenberg-pdf-wraper\"><iframe title=\"Fot\u00f3doksi-Huzella-koncert-2019.01.19\" class=\"embedpress-embed-document-pdf embedpress-pdf-1678466503278\" style=\"width:1000%;height:600px; max-width:100%; display: inline-block\" src=\"http:\/\/nepmesepont.hu\/kiskunfelegyhaza\/wp-admin\/admin-ajax.php?action=get_viewer&#038;file=http%3A%2F%2Fnepmesepont.hu%2Fkiskunfelegyhaza%2Fwp-content%2Fuploads%2Fsites%2F8%2F2023%2F03%2FFotodoksi-Huzella-koncert-2019.01.19.pdf#key=dGhlbWVNb2RlPWRlZmF1bHQmdG9vbGJhcj10cnVlJnBvc2l0aW9uPXRvcCZwcmVzZW50YXRpb249dHJ1ZSZsYXp5TG9hZD1mYWxzZSZkb3dubG9hZD10cnVlJmNvcHlfdGV4dD10cnVlJmFkZF90ZXh0PXRydWUmZHJhdz10cnVlJmRvY19yb3RhdGlvbj10cnVlJmFkZF9pbWFnZT10cnVlJmRvY19kZXRhaWxzPXRydWUmem9vbV9pbj10cnVlJnpvb21fb3V0PXRydWUmZml0X3ZpZXc9dHJ1ZSZib29rbWFyaz10cnVlJmZsaXBib29rX3Rvb2xiYXJfcG9zaXRpb249Ym90dG9tJnNlbGVjdGlvbl90b29sPTAmc2Nyb2xsaW5nPS0xJnNwcmVhZHM9LTE=\" frameborder=\"0\" oncontextmenu=\"return false;\"><\/iframe> <p class=\"embedpress-el-powered\">Powered By EmbedPress<\/p><\/div><\/div>\n\t\t\t\t\t\t\t\t\t<\/div>\n\t\t\t<\/div>\n\t\t<\/div>\n\t\n\n\n<p>F\u00c9LEGYH\u00c1ZI MESEMOND\u00d3 KERESTETIK<\/p>\n\n\n\n\n\t\t\n\t\t<div id=\"ep-gutenberg-content-10a688454ef20f71351d4210ea42d4e7\" class=\"ep-gutenberg-content   ep-percentage-width   ep-content-protection-disabled \">\n\t\t\t<div class=\"embedpress-inner-iframe emebedpress-unit-percent ep-doc-10a688454ef20f71351d4210ea42d4e7\"  style=\"max-width:1000%\" id=\"embedpress-pdf-1678466580223\">\n\t\t\t\t<div >\n\t\t\t\t\t<div class=\"ep-embed-content-wraper\"><div class=\"position-right-wraper gutenberg-pdf-wraper\"><iframe title=\"Fot\u00f3doksi-F\u00e9legyh\u00e1zi mesemond\u00f3 kerestetik_2019.01.25\" class=\"embedpress-embed-document-pdf embedpress-pdf-1678466580223\" style=\"width:1000%;height:600px; max-width:100%; display: inline-block\" src=\"http:\/\/nepmesepont.hu\/kiskunfelegyhaza\/wp-admin\/admin-ajax.php?action=get_viewer&#038;file=http%3A%2F%2Fnepmesepont.hu%2Fkiskunfelegyhaza%2Fwp-content%2Fuploads%2Fsites%2F8%2F2023%2F03%2FFotodoksi-Felegyhazi-mesemondo-kerestetik_2019.01.25.pdf#key=dGhlbWVNb2RlPWRlZmF1bHQmdG9vbGJhcj10cnVlJnBvc2l0aW9uPXRvcCZwcmVzZW50YXRpb249dHJ1ZSZsYXp5TG9hZD1mYWxzZSZkb3dubG9hZD10cnVlJmNvcHlfdGV4dD10cnVlJmFkZF90ZXh0PXRydWUmZHJhdz10cnVlJmRvY19yb3RhdGlvbj10cnVlJmFkZF9pbWFnZT10cnVlJmRvY19kZXRhaWxzPXRydWUmem9vbV9pbj10cnVlJnpvb21fb3V0PXRydWUmZml0X3ZpZXc9dHJ1ZSZib29rbWFyaz10cnVlJmZsaXBib29rX3Rvb2xiYXJfcG9zaXRpb249Ym90dG9tJnNlbGVjdGlvbl90b29sPTAmc2Nyb2xsaW5nPS0xJnNwcmVhZHM9LTE=\" frameborder=\"0\" oncontextmenu=\"return false;\"><\/iframe> <p class=\"embedpress-el-powered\">Powered By EmbedPress<\/p><\/div><\/div>\n\t\t\t\t\t\t\t\t\t<\/div>\n\t\t\t<\/div>\n\t\t<\/div>\n\t\n\n\n<p>FEH\u00c9RL\u00d3 FIA MAGYAR K\u00c9PMES\u00c9K N\u00c9PMESEMOND\u00d3 \u00c9S VIDEOKLIPVERSENY<\/p>\n\n\n\n\n\t\t\n\t\t<div id=\"ep-gutenberg-content-59ba6644ec4cc847799dd076c05bbce2\" class=\"ep-gutenberg-content   ep-percentage-width   ep-content-protection-disabled \">\n\t\t\t<div class=\"embedpress-inner-iframe emebedpress-unit-percent ep-doc-59ba6644ec4cc847799dd076c05bbce2\"  style=\"max-width:1000%\" id=\"embedpress-pdf-1678466644400\">\n\t\t\t\t<div >\n\t\t\t\t\t<div class=\"ep-embed-content-wraper\"><div class=\"position-right-wraper gutenberg-pdf-wraper\"><iframe title=\"Fot\u00f3dok-FEh\u00e9rl\u00f3fia_2019.05.25\" class=\"embedpress-embed-document-pdf embedpress-pdf-1678466644400\" style=\"width:1000%;height:600px; max-width:100%; display: inline-block\" src=\"http:\/\/nepmesepont.hu\/kiskunfelegyhaza\/wp-admin\/admin-ajax.php?action=get_viewer&#038;file=http%3A%2F%2Fnepmesepont.hu%2Fkiskunfelegyhaza%2Fwp-content%2Fuploads%2Fsites%2F8%2F2023%2F03%2FFotodok-FEherlofia_2019.05.25.pdf#key=dGhlbWVNb2RlPWRlZmF1bHQmdG9vbGJhcj10cnVlJnBvc2l0aW9uPXRvcCZwcmVzZW50YXRpb249dHJ1ZSZsYXp5TG9hZD1mYWxzZSZkb3dubG9hZD10cnVlJmNvcHlfdGV4dD10cnVlJmFkZF90ZXh0PXRydWUmZHJhdz10cnVlJmRvY19yb3RhdGlvbj10cnVlJmFkZF9pbWFnZT10cnVlJmRvY19kZXRhaWxzPXRydWUmem9vbV9pbj10cnVlJnpvb21fb3V0PXRydWUmZml0X3ZpZXc9dHJ1ZSZib29rbWFyaz10cnVlJmZsaXBib29rX3Rvb2xiYXJfcG9zaXRpb249Ym90dG9tJnNlbGVjdGlvbl90b29sPTAmc2Nyb2xsaW5nPS0xJnNwcmVhZHM9LTE=\" frameborder=\"0\" oncontextmenu=\"return false;\"><\/iframe> <p class=\"embedpress-el-powered\">Powered By EmbedPress<\/p><\/div><\/div>\n\t\t\t\t\t\t\t\t\t<\/div>\n\t\t\t<\/div>\n\t\t<\/div>\n\t\n\n\n<!--nextpage-->\n\n\n\n<p>N\u00c9PMESEKONCERT &#8211; RADV\u00c1NYI BAL\u00c1ZS<\/p>\n\n\n\n\n\t\t\n\t\t<div id=\"ep-gutenberg-content-6ed2e53b968041edc27392026c9e013f\" class=\"ep-gutenberg-content   ep-percentage-width   ep-content-protection-disabled \">\n\t\t\t<div class=\"embedpress-inner-iframe emebedpress-unit-percent ep-doc-6ed2e53b968041edc27392026c9e013f\"  style=\"max-width:1000%\" id=\"embedpress-pdf-1678466734167\">\n\t\t\t\t<div >\n\t\t\t\t\t<div class=\"ep-embed-content-wraper\"><div class=\"position-right-wraper gutenberg-pdf-wraper\"><iframe title=\"Fot\u00f3dok. Radv\u00e1nyi_2019.05.23\" class=\"embedpress-embed-document-pdf embedpress-pdf-1678466734167\" style=\"width:1000%;height:600px; max-width:100%; display: inline-block\" src=\"http:\/\/nepmesepont.hu\/kiskunfelegyhaza\/wp-admin\/admin-ajax.php?action=get_viewer&#038;file=http%3A%2F%2Fnepmesepont.hu%2Fkiskunfelegyhaza%2Fwp-content%2Fuploads%2Fsites%2F8%2F2023%2F03%2FFotodok.-Radvanyi_2019.05.23.pdf#key=dGhlbWVNb2RlPWRlZmF1bHQmdG9vbGJhcj10cnVlJnBvc2l0aW9uPXRvcCZwcmVzZW50YXRpb249dHJ1ZSZsYXp5TG9hZD1mYWxzZSZkb3dubG9hZD10cnVlJmNvcHlfdGV4dD10cnVlJmFkZF90ZXh0PXRydWUmZHJhdz10cnVlJmRvY19yb3RhdGlvbj10cnVlJmFkZF9pbWFnZT10cnVlJmRvY19kZXRhaWxzPXRydWUmem9vbV9pbj10cnVlJnpvb21fb3V0PXRydWUmZml0X3ZpZXc9dHJ1ZSZib29rbWFyaz10cnVlJmZsaXBib29rX3Rvb2xiYXJfcG9zaXRpb249Ym90dG9tJnNlbGVjdGlvbl90b29sPTAmc2Nyb2xsaW5nPS0xJnNwcmVhZHM9LTE=\" frameborder=\"0\" oncontextmenu=\"return false;\"><\/iframe> <p class=\"embedpress-el-powered\">Powered By EmbedPress<\/p><\/div><\/div>\n\t\t\t\t\t\t\t\t\t<\/div>\n\t\t\t<\/div>\n\t\t<\/div>\n\t\n\n\n<p>\u00d3RI\u00c1SOK F\u00d6LDJ\u00c9N &#8211; T\u00c1BOR<\/p>\n\n\n\n\n\t\t\n\t\t<div id=\"ep-gutenberg-content-1ced2f677c7805fec1596f346409f62d\" class=\"ep-gutenberg-content   ep-percentage-width   ep-content-protection-disabled \">\n\t\t\t<div class=\"embedpress-inner-iframe emebedpress-unit-percent ep-doc-1ced2f677c7805fec1596f346409f62d\"  style=\"max-width:1000%\" id=\"embedpress-pdf-1678466992655\">\n\t\t\t\t<div >\n\t\t\t\t\t<div class=\"ep-embed-content-wraper\"><div class=\"position-right-wraper gutenberg-pdf-wraper\"><iframe title=\"Fot\u00f3dok-\u00d3ri\u00e1sok f\u00f6ldj\u00e9n t\u00e1bor_2019.06.17-21.\" class=\"embedpress-embed-document-pdf embedpress-pdf-1678466992655\" style=\"width:1000%;height:600px; max-width:100%; display: inline-block\" src=\"http:\/\/nepmesepont.hu\/kiskunfelegyhaza\/wp-admin\/admin-ajax.php?action=get_viewer&#038;file=http%3A%2F%2Fnepmesepont.hu%2Fkiskunfelegyhaza%2Fwp-content%2Fuploads%2Fsites%2F8%2F2023%2F03%2FFotodok-Oriasok-foldjen-tabor_2019.06.17-21..pdf#key=dGhlbWVNb2RlPWRlZmF1bHQmdG9vbGJhcj10cnVlJnBvc2l0aW9uPXRvcCZwcmVzZW50YXRpb249dHJ1ZSZsYXp5TG9hZD1mYWxzZSZkb3dubG9hZD10cnVlJmNvcHlfdGV4dD10cnVlJmFkZF90ZXh0PXRydWUmZHJhdz10cnVlJmRvY19yb3RhdGlvbj10cnVlJmFkZF9pbWFnZT10cnVlJmRvY19kZXRhaWxzPXRydWUmem9vbV9pbj10cnVlJnpvb21fb3V0PXRydWUmZml0X3ZpZXc9dHJ1ZSZib29rbWFyaz10cnVlJmZsaXBib29rX3Rvb2xiYXJfcG9zaXRpb249Ym90dG9tJnNlbGVjdGlvbl90b29sPTAmc2Nyb2xsaW5nPS0xJnNwcmVhZHM9LTE=\" frameborder=\"0\" oncontextmenu=\"return false;\"><\/iframe> <p class=\"embedpress-el-powered\">Powered By EmbedPress<\/p><\/div><\/div>\n\t\t\t\t\t\t\t\t\t<\/div>\n\t\t\t<\/div>\n\t\t<\/div>\n\t\n\n\n<p>KI TUD T\u00d6BBET BENEDEK ELEK MES\u00c9IR\u0150L<\/p>\n\n\n\n\n\t\t\n\t\t<div id=\"ep-gutenberg-content-9400c3af5b1fe02ab2eebbc51976e934\" class=\"ep-gutenberg-content   ep-percentage-width   ep-content-protection-disabled \">\n\t\t\t<div class=\"embedpress-inner-iframe emebedpress-unit-percent ep-doc-9400c3af5b1fe02ab2eebbc51976e934\"  style=\"max-width:1000%\" id=\"embedpress-pdf-1678467041103\">\n\t\t\t\t<div >\n\t\t\t\t\t<div class=\"ep-embed-content-wraper\"><div class=\"position-right-wraper gutenberg-pdf-wraper\"><iframe title=\"Fot\u00f3dok. Ki tud t\u00f6bbet Benedek Elek mes\u00e9ir\u0151l_2019.06.18\" class=\"embedpress-embed-document-pdf embedpress-pdf-1678467041103\" style=\"width:1000%;height:600px; max-width:100%; display: inline-block\" src=\"http:\/\/nepmesepont.hu\/kiskunfelegyhaza\/wp-admin\/admin-ajax.php?action=get_viewer&#038;file=http%3A%2F%2Fnepmesepont.hu%2Fkiskunfelegyhaza%2Fwp-content%2Fuploads%2Fsites%2F8%2F2023%2F03%2FFotodok.-Ki-tud-tobbet-Benedek-Elek-meseirol_2019.06.18.pdf#key=dGhlbWVNb2RlPWRlZmF1bHQmdG9vbGJhcj10cnVlJnBvc2l0aW9uPXRvcCZwcmVzZW50YXRpb249dHJ1ZSZsYXp5TG9hZD1mYWxzZSZkb3dubG9hZD10cnVlJmNvcHlfdGV4dD10cnVlJmFkZF90ZXh0PXRydWUmZHJhdz10cnVlJmRvY19yb3RhdGlvbj10cnVlJmFkZF9pbWFnZT10cnVlJmRvY19kZXRhaWxzPXRydWUmem9vbV9pbj10cnVlJnpvb21fb3V0PXRydWUmZml0X3ZpZXc9dHJ1ZSZib29rbWFyaz10cnVlJmZsaXBib29rX3Rvb2xiYXJfcG9zaXRpb249Ym90dG9tJnNlbGVjdGlvbl90b29sPTAmc2Nyb2xsaW5nPS0xJnNwcmVhZHM9LTE=\" frameborder=\"0\" oncontextmenu=\"return false;\"><\/iframe> <p class=\"embedpress-el-powered\">Powered By EmbedPress<\/p><\/div><\/div>\n\t\t\t\t\t\t\t\t\t<\/div>\n\t\t\t<\/div>\n\t\t<\/div>\n\t\n\n\n<!--nextpage-->\n\n\n\n<p>MESE\u00cdR\u00d3 &#8211; MESEILLUSZTR\u00c1CI\u00d3 VERSENY<\/p>\n\n\n\n\n\t\t\n\t\t<div id=\"ep-gutenberg-content-d6d8999cf08a42567cd9d5e0e469256b\" class=\"ep-gutenberg-content   ep-percentage-width   ep-content-protection-disabled \">\n\t\t\t<div class=\"embedpress-inner-iframe emebedpress-unit-percent ep-doc-d6d8999cf08a42567cd9d5e0e469256b\"  style=\"max-width:1000%\" id=\"embedpress-pdf-1678467122720\">\n\t\t\t\t<div >\n\t\t\t\t\t<div class=\"ep-embed-content-wraper\"><div class=\"position-right-wraper gutenberg-pdf-wraper\"><iframe title=\"Fot\u00f3doksi-mese\u00edr\u00f3, meseillusztr\u00e1ci\u00f3p\u00e1ly\u00e1zat_2020.01.17\" class=\"embedpress-embed-document-pdf embedpress-pdf-1678467122720\" style=\"width:1000%;height:600px; max-width:100%; display: inline-block\" src=\"http:\/\/nepmesepont.hu\/kiskunfelegyhaza\/wp-admin\/admin-ajax.php?action=get_viewer&#038;file=http%3A%2F%2Fnepmesepont.hu%2Fkiskunfelegyhaza%2Fwp-content%2Fuploads%2Fsites%2F8%2F2023%2F03%2FFotodoksi-meseiro-meseillusztraciopalyazat_2020.01.17.pdf#key=dGhlbWVNb2RlPWRlZmF1bHQmdG9vbGJhcj10cnVlJnBvc2l0aW9uPXRvcCZwcmVzZW50YXRpb249dHJ1ZSZsYXp5TG9hZD1mYWxzZSZkb3dubG9hZD10cnVlJmNvcHlfdGV4dD10cnVlJmFkZF90ZXh0PXRydWUmZHJhdz10cnVlJmRvY19yb3RhdGlvbj10cnVlJmFkZF9pbWFnZT10cnVlJmRvY19kZXRhaWxzPXRydWUmem9vbV9pbj10cnVlJnpvb21fb3V0PXRydWUmZml0X3ZpZXc9dHJ1ZSZib29rbWFyaz10cnVlJmZsaXBib29rX3Rvb2xiYXJfcG9zaXRpb249Ym90dG9tJnNlbGVjdGlvbl90b29sPTAmc2Nyb2xsaW5nPS0xJnNwcmVhZHM9LTE=\" frameborder=\"0\" oncontextmenu=\"return false;\"><\/iframe> <p class=\"embedpress-el-powered\">Powered By EmbedPress<\/p><\/div><\/div>\n\t\t\t\t\t\t\t\t\t<\/div>\n\t\t\t<\/div>\n\t\t<\/div>\n\t\n\n\n<p>S\u00c1RK\u00c1NYOK F\u00d6LDJ\u00c9N &#8211; NAPK\u00d6ZIS T\u00c1BOR<\/p>\n\n\n\n\n\t\t\n\t\t<div id=\"ep-gutenberg-content-9bfb150894605ca7976ce42b004dff46\" class=\"ep-gutenberg-content   ep-percentage-width   ep-content-protection-disabled \">\n\t\t\t<div class=\"embedpress-inner-iframe emebedpress-unit-percent ep-doc-9bfb150894605ca7976ce42b004dff46\"  style=\"max-width:1000%\" id=\"embedpress-pdf-1678467206343\">\n\t\t\t\t<div >\n\t\t\t\t\t<div class=\"ep-embed-content-wraper\"><div class=\"position-right-wraper gutenberg-pdf-wraper\"><iframe title=\"Fot\u00f3doksi-S\u00e1rk\u00e1nyok f\u00f6ldj\u00e9n t\u00e1bor_2020.07.13-17\" class=\"embedpress-embed-document-pdf embedpress-pdf-1678467206343\" style=\"width:1000%;height:600px; max-width:100%; display: inline-block\" src=\"http:\/\/nepmesepont.hu\/kiskunfelegyhaza\/wp-admin\/admin-ajax.php?action=get_viewer&#038;file=http%3A%2F%2Fnepmesepont.hu%2Fkiskunfelegyhaza%2Fwp-content%2Fuploads%2Fsites%2F8%2F2023%2F03%2FFotodoksi-Sarkanyok-foldjen-tabor_2020.07.13-17.pdf#key=dGhlbWVNb2RlPWRlZmF1bHQmdG9vbGJhcj10cnVlJnBvc2l0aW9uPXRvcCZwcmVzZW50YXRpb249dHJ1ZSZsYXp5TG9hZD1mYWxzZSZkb3dubG9hZD10cnVlJmNvcHlfdGV4dD10cnVlJmFkZF90ZXh0PXRydWUmZHJhdz10cnVlJmRvY19yb3RhdGlvbj10cnVlJmFkZF9pbWFnZT10cnVlJmRvY19kZXRhaWxzPXRydWUmem9vbV9pbj10cnVlJnpvb21fb3V0PXRydWUmZml0X3ZpZXc9dHJ1ZSZib29rbWFyaz10cnVlJmZsaXBib29rX3Rvb2xiYXJfcG9zaXRpb249Ym90dG9tJnNlbGVjdGlvbl90b29sPTAmc2Nyb2xsaW5nPS0xJnNwcmVhZHM9LTE=\" frameborder=\"0\" oncontextmenu=\"return false;\"><\/iframe> <p class=\"embedpress-el-powered\">Powered By EmbedPress<\/p><\/div><\/div>\n\t\t\t\t\t\t\t\t\t<\/div>\n\t\t\t<\/div>\n\t\t<\/div>\n\t\n\n\n<p>CSODASZARVAS N\u00c9PMESET\u00c1BOR<\/p>\n\n\n\n\n\t\t\n\t\t<div id=\"ep-gutenberg-content-4e9cbefd219f12dfa9e46bb3fb725d2d\" class=\"ep-gutenberg-content   ep-percentage-width   ep-content-protection-disabled \">\n\t\t\t<div class=\"embedpress-inner-iframe emebedpress-unit-percent ep-doc-4e9cbefd219f12dfa9e46bb3fb725d2d\"  style=\"max-width:1000%\" id=\"embedpress-pdf-1678467313056\">\n\t\t\t\t<div >\n\t\t\t\t\t<div class=\"ep-embed-content-wraper\"><div class=\"position-right-wraper gutenberg-pdf-wraper\"><iframe title=\"Fot\u00f3dok. Csodaszarvas_2020.08.04-08.\" class=\"embedpress-embed-document-pdf embedpress-pdf-1678467313056\" style=\"width:1000%;height:600px; max-width:100%; display: inline-block\" src=\"http:\/\/nepmesepont.hu\/kiskunfelegyhaza\/wp-admin\/admin-ajax.php?action=get_viewer&#038;file=http%3A%2F%2Fnepmesepont.hu%2Fkiskunfelegyhaza%2Fwp-content%2Fuploads%2Fsites%2F8%2F2023%2F03%2FFotodok.-Csodaszarvas_2020.08.04-08..pdf#key=dGhlbWVNb2RlPWRlZmF1bHQmdG9vbGJhcj10cnVlJnBvc2l0aW9uPXRvcCZwcmVzZW50YXRpb249dHJ1ZSZsYXp5TG9hZD1mYWxzZSZkb3dubG9hZD10cnVlJmNvcHlfdGV4dD10cnVlJmFkZF90ZXh0PXRydWUmZHJhdz10cnVlJmRvY19yb3RhdGlvbj10cnVlJmFkZF9pbWFnZT10cnVlJmRvY19kZXRhaWxzPXRydWUmem9vbV9pbj10cnVlJnpvb21fb3V0PXRydWUmZml0X3ZpZXc9dHJ1ZSZib29rbWFyaz10cnVlJmZsaXBib29rX3Rvb2xiYXJfcG9zaXRpb249Ym90dG9tJnNlbGVjdGlvbl90b29sPTAmc2Nyb2xsaW5nPS0xJnNwcmVhZHM9LTE=\" frameborder=\"0\" oncontextmenu=\"return false;\"><\/iframe> <p class=\"embedpress-el-powered\">Powered By EmbedPress<\/p><\/div><\/div>\n\t\t\t\t\t\t\t\t\t<\/div>\n\t\t\t<\/div>\n\t\t<\/div>\n\t","protected":false},"excerpt":{"rendered":"<p>ARANYALMA N\u00c9PMESEPONT MEGNYIT\u00d3J\u00c1NAK MEGH\u00cdV\u00d3JA T\u00dcND\u00c9REK \u00c9S VAR\u00c1ZSL\u00d3K N\u00c9PMESESZ\u00cdNHZ <a class=\"continue-reading-link\" href=\"http:\/\/nepmesepont.hu\/kiskunfelegyhaza\/programok-fotoi\/\">Continue reading<\/a><\/p>\n","protected":false},"author":1,"featured_media":0,"parent":0,"menu_order":0,"comment_status":"closed","ping_status":"closed","template":"","meta":{"footnotes":""},"class_list":["post-231","page","type-page","status-publish","hentry"],"_links":{"self":[{"href":"http:\/\/nepmesepont.hu\/kiskunfelegyhaza\/wp-json\/wp\/v2\/pages\/231","targetHints":{"allow":["GET"]}}],"collection":[{"href":"http:\/\/nepmesepont.hu\/kiskunfelegyhaza\/wp-json\/wp\/v2\/pages"}],"about":[{"href":"http:\/\/nepmesepont.hu\/kiskunfelegyhaza\/wp-json\/wp\/v2\/types\/page"}],"author":[{"embeddable":true,"href":"http:\/\/nepmesepont.hu\/kiskunfelegyhaza\/wp-json\/wp\/v2\/users\/1"}],"replies":[{"embeddable":true,"href":"http:\/\/nepmesepont.hu\/kiskunfelegyhaza\/wp-json\/wp\/v2\/comments?post=231"}],"version-history":[{"count":17,"href":"http:\/\/nepmesepont.hu\/kiskunfelegyhaza\/wp-json\/wp\/v2\/pages\/231\/revisions"}],"predecessor-version":[{"id":258,"href":"http:\/\/nepmesepont.hu\/kiskunfelegyhaza\/wp-json\/wp\/v2\/pages\/231\/revisions\/258"}],"wp:attachment":[{"href":"http:\/\/nepmesepont.hu\/kiskunfelegyhaza\/wp-json\/wp\/v2\/media?parent=231"}],"curies":[{"name":"wp","href":"https:\/\/api.w.org\/{rel}","templated":true}]}}