{"id":201,"date":"2020-06-05T21:03:38","date_gmt":"2020-06-05T21:03:38","guid":{"rendered":"http:\/\/nepmesepont.hu\/kiskunfelegyhaza\/?page_id=201"},"modified":"2024-11-13T08:25:56","modified_gmt":"2024-11-13T08:25:56","slug":"projekt-tartalmanak-bemutatasa","status":"publish","type":"page","link":"http:\/\/nepmesepont.hu\/kiskunfelegyhaza\/projekt-tartalmanak-bemutatasa\/","title":{"rendered":"Projekt tartalm\u00e1nak bemutat\u00e1sa"},"content":{"rendered":"<h4><strong>Aranyalma N\u00e9pmesepont \u2013 Kiskunf\u00e9legyh\u00e1za<\/strong><\/h4>\n<p><strong>Megk\u00f6zel\u00edt\u00e9s:<\/strong><\/p>\n<p>6100 Kiskunf\u00e9legyh\u00e1za, Szent J\u00e1nos t\u00e9r 3. (Szakmak\u00f6zi M\u0171vel\u0151d\u00e9si H\u00e1z K\u00f6zhaszn\u00fa Egyes\u00fclet)<\/p>\n<p>Az\u00a0<em>Aranyalma N\u00e9pmesepont<\/em>, Kiskunf\u00e9legyh\u00e1za k\u00f6z\u00e9ppontj\u00e1ban helyezkedik el.<br \/>\nGyalog, t\u00f6megk\u00f6zleked\u00e9si eszk\u00f6z\u00f6kkel \u00e9s szem\u00e9lyg\u00e9pj\u00e1rm\u0171vel is k\u00f6nnyen megk\u00f6zel\u00edthet\u0151<\/p>\n<p>79.944.445 Ft vissza nem t\u00e9r\u00edtend\u0151 t\u00e1mogat\u00e1st nyert el Kiskunf\u00e9legyh\u00e1z\u00e1n a TEMI Szakmak\u00f6zi M\u0171vel\u0151d\u00e9si H\u00e1za egy \u00faj k\u00f6z\u00f6ss\u00e9gi csal\u00e1di sz\u00ednt\u00e9r, az Aranyalma N\u00e9pmesepont l\u00e9trehoz\u00e1s\u00e1ra \u00e9s m\u0171k\u00f6dtet\u00e9s\u00e9re, \u201eA n\u00e9pmese birodalm\u00e1nak l\u00e9trehoz\u00e1sa \u00e9s anyanyelvi kompetenciafejleszt\u0151 szerep\u00e9nek er\u0151s\u00edt\u00e9se\u201d elnevez\u00e9s\u0171, EFOP-3.3.4-17-2017-00023 k\u00f3dsz\u00e1m\u00fa program keret\u00e9ben. A projekt forr\u00e1s\u00e1t az Eur\u00f3pai Uni\u00f3 (Eur\u00f3pai Szoci\u00e1lis Alap) \u00e9s Magyarorsz\u00e1g k\u00f6lts\u00e9gvet\u00e9se t\u00e1rsfinansz\u00edroz\u00e1sban biztos\u00edtja. A t\u00e1mogat\u00e1snak k\u00f6sz\u00f6nhet\u0151en egy modern, \u00e1m a n\u00e9phagyom\u00e1nyokat k\u00f6z\u00e9ppontba helyez\u0151 N\u00e9pmesePont j\u00f6n l\u00e9tre.<br \/>\nAz \u00e9p\u00fcletben t\u00f6bb mint 60 k\u00fcl\u00f6nb\u00f6z\u0151 t\u00edpus\u00fa programot \u2013 klubfoglalkoz\u00e1sokat, m\u0171v\u00e9szeti \u00e9s alkot\u00f3 csoportokat, \u00e9l\u0151szavas mesemond\u00e1st, csal\u00e1di napokat, koncerteket, n\u00e9pmesesz\u00ednh\u00e1zi el\u0151ad\u00e1sokat mesemond\u00f3 versenyeket, kultur\u00e1lis \u00f3r\u00e1kat, t\u00e1borokat, sz\u00ednj\u00e1tsz\u00f3 \u00e9s b\u00e1bfoglalkoz\u00e1st is tartanak a k\u00f6vetkez\u0151 h\u00e1rom \u00e9vben.<br \/>\nA hagyom\u00e1nyos magyar n\u00e9pmesekincs k\u00f6znevel\u00e9sbe t\u00f6rt\u00e9n\u0151 be\u00e9p\u00edt\u00e9se, az eg\u00e9sz \u00e9leten \u00e1t tart\u00f3 tanul\u00e1s \u00e9s a h\u00e1tr\u00e1nyos helyzet\u0171 fiatalok kompetenciafejleszt\u00e9se, a n\u00e9pi trad\u00edci\u00f3k r\u00e9v\u00e9n a hagyom\u00e1ny\u0151rz\u00e9s, valamint az \u00e9rt\u00e9kes kultur\u00e1lis id\u0151t\u00f6lt\u00e9s c\u00e9lj\u00e1b\u00f3l 18 oktat\u00e1si int\u00e9zm\u00e9nnyel k\u00f6t\u00f6tt meg\u00e1llapod\u00e1st a Szakmak\u00f6zi M\u0171vel\u0151d\u00e9si H\u00e1z, \u00f6sszesen k\u00f6zel 1600 tanul\u00f3 bevon\u00e1s\u00e1val.<\/p>\n<p><strong>F\u0151bb \u00e1lland\u00f3 foglalkoz\u00e1sok \u00e9s programok:<\/strong><\/p>\n<ul>\n<li>\u00e9l\u0151szavas mesemond\u00e1s kicsiknek \u00e9s nagyoknak<\/li>\n<li>kultur\u00e1lis \u00f3r\u00e1k<\/li>\n<li>ismerked\u00e9s az egyh\u00e1zi \u00fcnnepekkel<\/li>\n<li>ismerked\u00e9s a n\u00e9pszok\u00e1sokkal<\/li>\n<li>klubfoglalkoz\u00e1sok, (t\u00e1rsasj\u00e1t\u00e9k klub, mese\u00edr\u00f3k d\u00e9lut\u00e1nja stb.)<\/li>\n<li>m\u0171v\u00e9szeti tev\u00e9kenys\u00e9gek, (k\u00e9pz\u0151m\u0171v\u00e9szeti tev\u00e9kenys\u00e9gek)<\/li>\n<li>ismerked\u00e9s a n\u00e9pi mesters\u00e9gekkel, (fazekass\u00e1g, nemezel\u00e9s, fon\u00e1s stb.)<\/li>\n<li>J\u00e1t\u00e9kos ismerked\u00e9s a n\u00e9prajztudom\u00e1nnyal<\/li>\n<li>meseillusztr\u00e1l\u00e1s,<\/li>\n<li>di\u00e1k mesemond\u00f3 verseny,<\/li>\n<li>ny\u00e1ri meset\u00e1bor<\/li>\n<\/ul>\n<p><strong>\u00c9p\u00fclet<\/strong><\/p>\n<p>2018 \u0151sz\u00e9t\u0151l, a Szent J\u00e1nos t\u00e9r 3. alatti \u2013 t\u00f6bb, mint sz\u00e1znegyven \u00e9ves \u2013 klasszicista m\u0171eml\u00e9k \u00e9p\u00fclet ad otthont az Aranyalma N\u00e9pmesepontnak. A Szakmak\u00f6zi M\u0171vel\u0151d\u00e9si H\u00e1z \u00e9vtizedek fontos \u00f3ta \u00e9rt\u00e9kteremt\u0151, hagyom\u00e1ny\u0151rz\u0151 \u00e9s k\u00f6z\u00f6ss\u00e9g \u00e9p\u00edt\u0151 tev\u00e9kenys\u00e9get l\u00e1t el. Az Aranyalma N\u00e9pmesepont ezeket az \u00e9vtizedes trad\u00edci\u00f3kat k\u00f6vetve a legfiatalabb gener\u00e1ci\u00f3k sz\u00e1m\u00e1ra ismerteti meg a magyar \u00a0n\u00e9pi kult\u00fara szellemi \u00e9s t\u00e1rgyi kult\u00far\u00e1j\u00e1t. A kult\u00fara k\u00f6zvet\u00edt\u00e9s mellett a l\u00e1togat\u00f3k akt\u00edv alkot\u00f3 tev\u00e9kenys\u00e9gekben is r\u00e9szt vehetnek. Az int\u00e9zm\u00e9nyben \u2013 k\u00f6zel 250 m\u00b2 j\u00e1tsz\u00f3, foglalkoztat\u00f3 \u00e9s el\u0151ad\u00f3 ter\u00e9vel \u2013 az orsz\u00e1g egyik legnagyobb mesel\u00e9tes\u00edtm\u00e9nye.<br \/>\nAz Aranyalma N\u00e9pmesepont a helyi folkl\u00f3r kincseket, a kiskuns\u00e1gi t\u00f6rt\u00e9nelmi \u00e9s kultur\u00e1lis hagyom\u00e1nyok felhaszn\u00e1l\u00e1s\u00e1val igyekszik bemutatni. A N\u00e9pmese k\u00f6zponti j\u00e1tsz\u00f3- \u00e9s vet\u00edt\u0151szob\u00e1j\u00e1ban egy t\u00f6bb, mint hat m\u00e9ter sz\u00e9les vessz\u0151b\u0151l fonott pal\u00e1nkv\u00e1r install\u00e1ci\u00f3ja v\u00e1rja a mesebirodalomba l\u00e9p\u0151ket. Vigy\u00e1zat, mert kir\u00e1lyi v\u00e1r t\u00f6ml\u00f6c\u00e9ben s\u00e1rk\u00e1ny l\u00e1that\u00f3! Jaj annak, aki meggondolatlanul kinyitja a r\u00e1csokat! A kir\u00e1ly kertj\u00e9ben pedig egy aranyalma ragyog\u00e1sa v\u00e1rja a kalandorokat, hogy megfejts\u00e9k titkait.<\/p>\n<p>A N\u00e9pmesepont a magyar folkl\u00f3rkincs legszebb alkot\u00e1sait szak\u00e9rt\u0151 tan\u00e1rokkal, mesemond\u00f3kkal, hagyom\u00e1ny\u0151rz\u0151kkel mutatja be a legfiatalabbak sz\u00e1m\u00e1ra. A tradicion\u00e1lis \u00e9l\u0151szavas mes\u00e9l\u00e9s mellett, a leg\u00fajabb technikai eszk\u00f6z\u00f6k is seg\u00edtik a gyermekek fant\u00e1ziavil\u00e1g\u00e1nak gyarap\u00edt\u00e1s\u00e1t. Holografikus vet\u00edt\u0151 seg\u00edt\u00e9s\u00e9g\u00e9vel 100 darab el\u0151re r\u00f6gz\u00edtett mes\u00e9t n\u00e9zhetnek \u00e9s hallgathatnak meg az \u00e9rdekl\u0151d\u00f6k.<\/p>\n","protected":false},"excerpt":{"rendered":"<p>Aranyalma N\u00e9pmesepont \u2013 Kiskunf\u00e9legyh\u00e1za Megk\u00f6zel\u00edt\u00e9s: 6100 Kiskunf\u00e9legyh\u00e1za, Szent J\u00e1nos t\u00e9r 3. (Szakmak\u00f6zi M\u0171vel\u0151d\u00e9si H\u00e1z K\u00f6zhaszn\u00fa Egyes\u00fclet) Az\u00a0Aranyalma N\u00e9pmesepont, Kiskunf\u00e9legyh\u00e1za k\u00f6z\u00e9ppontj\u00e1ban helyezkedik el. Gyalog, t\u00f6megk\u00f6zleked\u00e9si eszk\u00f6z\u00f6kkel \u00e9s szem\u00e9lyg\u00e9pj\u00e1rm\u0171vel is k\u00f6nnyen megk\u00f6zel\u00edthet\u0151 79.944.445 Ft vissza nem t\u00e9r\u00edtend\u0151 t\u00e1mogat\u00e1st nyert el Kiskunf\u00e9legyh\u00e1z\u00e1n a TEMI Szakmak\u00f6zi M\u0171vel\u0151d\u00e9si H\u00e1za egy \u00faj k\u00f6z\u00f6ss\u00e9gi csal\u00e1di sz\u00ednt\u00e9r, az&#8230; <a class=\"continue-reading-link\" href=\"http:\/\/nepmesepont.hu\/kiskunfelegyhaza\/projekt-tartalmanak-bemutatasa\/\">Continue reading<\/a><\/p>\n","protected":false},"author":1,"featured_media":0,"parent":0,"menu_order":0,"comment_status":"closed","ping_status":"closed","template":"","meta":{"footnotes":""},"class_list":["post-201","page","type-page","status-publish","hentry"],"_links":{"self":[{"href":"http:\/\/nepmesepont.hu\/kiskunfelegyhaza\/wp-json\/wp\/v2\/pages\/201","targetHints":{"allow":["GET"]}}],"collection":[{"href":"http:\/\/nepmesepont.hu\/kiskunfelegyhaza\/wp-json\/wp\/v2\/pages"}],"about":[{"href":"http:\/\/nepmesepont.hu\/kiskunfelegyhaza\/wp-json\/wp\/v2\/types\/page"}],"author":[{"embeddable":true,"href":"http:\/\/nepmesepont.hu\/kiskunfelegyhaza\/wp-json\/wp\/v2\/users\/1"}],"replies":[{"embeddable":true,"href":"http:\/\/nepmesepont.hu\/kiskunfelegyhaza\/wp-json\/wp\/v2\/comments?post=201"}],"version-history":[{"count":3,"href":"http:\/\/nepmesepont.hu\/kiskunfelegyhaza\/wp-json\/wp\/v2\/pages\/201\/revisions"}],"predecessor-version":[{"id":300,"href":"http:\/\/nepmesepont.hu\/kiskunfelegyhaza\/wp-json\/wp\/v2\/pages\/201\/revisions\/300"}],"wp:attachment":[{"href":"http:\/\/nepmesepont.hu\/kiskunfelegyhaza\/wp-json\/wp\/v2\/media?parent=201"}],"curies":[{"name":"wp","href":"https:\/\/api.w.org\/{rel}","templated":true}]}}