{"id":15,"date":"2018-08-22T12:51:40","date_gmt":"2018-08-22T12:51:40","guid":{"rendered":"http:\/\/nepmesepont.hu\/kiskunfelegyhaza\/?page_id=15"},"modified":"2023-03-10T17:02:18","modified_gmt":"2023-03-10T17:02:18","slug":"a-nepmesepontrol","status":"publish","type":"page","link":"http:\/\/nepmesepont.hu\/kiskunfelegyhaza\/a-nepmesepontrol\/","title":{"rendered":"A N\u00e9pmesePontr\u00f3l"},"content":{"rendered":"<h4 style=\"text-align: center;\"><strong>Aranyalma N\u00e9pmesepont \u2013 Kiskunf\u00e9legyh\u00e1za<\/strong><\/h4>\n<p><strong>Megk\u00f6zel\u00edt\u00e9s:<\/strong><\/p>\n<p>6100 Kiskunf\u00e9legyh\u00e1za, Szent J\u00e1nos t\u00e9r 3. (Szakmak\u00f6zi M\u0171vel\u0151d\u00e9si H\u00e1z K\u00f6zhaszn\u00fa Egyes\u00fclet)<\/p>\n<p>Az <em>Aranyalma N\u00e9pmesepont<\/em>, Kiskunf\u00e9legyh\u00e1za k\u00f6z\u00e9ppontj\u00e1ban helyezkedik el.<br>Gyalog, t\u00f6megk\u00f6zleked\u00e9si eszk\u00f6z\u00f6kkel \u00e9s szem\u00e9lyg\u00e9pj\u00e1rm\u0171vel is k\u00f6nnyen megk\u00f6zel\u00edthet\u0151<\/p>\n<p><strong>F\u0151bb \u00e1lland\u00f3 foglalkoz\u00e1sok \u00e9s programok:<\/strong><\/p>\n<ul>\n<li>\u00e9l\u0151szavas mesemond\u00e1s kicsiknek \u00e9s nagyoknak<\/li>\n<li>kultur\u00e1lis \u00f3r\u00e1k<\/li>\n<li>ismerked\u00e9s az egyh\u00e1zi \u00fcnnepekkel<\/li>\n<li>ismerked\u00e9s a n\u00e9pszok\u00e1sokkal<\/li>\n<li>klubfoglalkoz\u00e1sok, (t\u00e1rsasj\u00e1t\u00e9k klub, mese\u00edr\u00f3k d\u00e9lut\u00e1nja stb.)<\/li>\n<li>m\u0171v\u00e9szeti tev\u00e9kenys\u00e9gek, (k\u00e9pz\u0151m\u0171v\u00e9szeti tev\u00e9kenys\u00e9gek)<\/li>\n<li>ismerked\u00e9s a n\u00e9pi mesters\u00e9gekkel, (fazekass\u00e1g, nemezel\u00e9s, fon\u00e1s stb.)<\/li>\n<li>J\u00e1t\u00e9kos ismerked\u00e9s a n\u00e9prajztudom\u00e1nnyal<\/li>\n<li>meseillusztr\u00e1l\u00e1s,<\/li>\n<li>di\u00e1k mesemond\u00f3 verseny,<\/li>\n<li>ny\u00e1ri meset\u00e1bor<\/li>\n<\/ul>\n<p><strong>\u00c9p\u00fclet<\/strong><\/p>\n<p>2018 \u0151sz\u00e9t\u0151l, a Szent J\u00e1nos t\u00e9r 3. alatti &#8211; t\u00f6bb, mint sz\u00e1znegyven \u00e9ves &#8211; klasszicista m\u0171eml\u00e9k \u00e9p\u00fclet ad otthont az Aranyalma N\u00e9pmesepontnak. A Szakmak\u00f6zi M\u0171vel\u0151d\u00e9si H\u00e1z \u00e9vtizedek fontos \u00f3ta \u00e9rt\u00e9kteremt\u0151, hagyom\u00e1ny\u0151rz\u0151 \u00e9s k\u00f6z\u00f6ss\u00e9g \u00e9p\u00edt\u0151 tev\u00e9kenys\u00e9get l\u00e1t el. Az Aranyalma N\u00e9pmesepont ezeket az \u00e9vtizedes trad\u00edci\u00f3kat k\u00f6vetve a legfiatalabb gener\u00e1ci\u00f3k sz\u00e1m\u00e1ra ismerteti meg a magyar &nbsp;n\u00e9pi kult\u00fara szellemi \u00e9s t\u00e1rgyi kult\u00far\u00e1j\u00e1t. A kult\u00fara k\u00f6zvet\u00edt\u00e9s mellett a l\u00e1togat\u00f3k akt\u00edv alkot\u00f3 tev\u00e9kenys\u00e9gekben is r\u00e9szt vehetnek. Az int\u00e9zm\u00e9nyben &#8211; k\u00f6zel 250 m\u00b2 j\u00e1tsz\u00f3, foglalkoztat\u00f3 \u00e9s el\u0151ad\u00f3 ter\u00e9vel &#8211; az orsz\u00e1g egyik legnagyobb mesel\u00e9tes\u00edtm\u00e9nye.<br>Az Aranyalma N\u00e9pmesepont a helyi folkl\u00f3r kincseket, a kiskuns\u00e1gi t\u00f6rt\u00e9nelmi \u00e9s kultur\u00e1lis hagyom\u00e1nyok felhaszn\u00e1l\u00e1s\u00e1val igyekszik bemutatni. A N\u00e9pmese k\u00f6zponti j\u00e1tsz\u00f3- \u00e9s vet\u00edt\u0151szob\u00e1j\u00e1ban egy t\u00f6bb, mint hat m\u00e9ter sz\u00e9les vessz\u0151b\u0151l fonott pal\u00e1nkv\u00e1r install\u00e1ci\u00f3ja v\u00e1rja a mesebirodalomba l\u00e9p\u0151ket. Vigy\u00e1zat, mert kir\u00e1lyi v\u00e1r t\u00f6ml\u00f6c\u00e9ben s\u00e1rk\u00e1ny l\u00e1that\u00f3! Jaj annak, aki meggondolatlanul kinyitja a r\u00e1csokat! A kir\u00e1ly kertj\u00e9ben pedig egy aranyalma ragyog\u00e1sa v\u00e1rja a kalandorokat, hogy megfejts\u00e9k titkait.<\/p>\n<p>A N\u00e9pmesepont a magyar folkl\u00f3rkincs legszebb alkot\u00e1sait szak\u00e9rt\u0151 tan\u00e1rokkal, mesemond\u00f3kkal, hagyom\u00e1ny\u0151rz\u0151kkel mutatja be a legfiatalabbak sz\u00e1m\u00e1ra. A tradicion\u00e1lis \u00e9l\u0151szavas mes\u00e9l\u00e9s mellett, a leg\u00fajabb technikai eszk\u00f6z\u00f6k is seg\u00edtik a gyermekek fant\u00e1ziavil\u00e1g\u00e1nak gyarap\u00edt\u00e1s\u00e1t. Holografikus vet\u00edt\u0151 seg\u00edt\u00e9s\u00e9g\u00e9vel 100 darab el\u0151re r\u00f6gz\u00edtett mes\u00e9t n\u00e9zhetnek \u00e9s hallgathatnak meg az \u00e9rdekl\u0151d\u00f6k.<\/p>\n<p><\/p>\n<h4 style=\"text-align: center;\">L\u00e1tv\u00e1nyterv<\/h4>\n<p style=\"text-align: center;\">\n<\/p><p><u>FOGAD\u00d3T\u00c9R:<\/u><\/p>\n<p>A fogad\u00f3t\u00e9r vagy el\u0151t\u00e9r m\u00e9rete: 6,4m x 2,7 m\u00e9ter. Itt van lehet\u0151s\u00e9ge a l\u00e1togat\u00f3nak lepakolni a holmij\u00e1t, illetve a k\u00fat seg\u00edts\u00e9g\u00e9vel a kisebbek \u00e9s a nagyobbak is j\u00e1t\u00e9kos, n\u00e9pmesei feladatokat kaphatnak.<\/p>\n<p><img loading=\"lazy\" decoding=\"async\" class=\"alignnone size-large wp-image-73\" src=\"http:\/\/nepmesepont.hu\/kiskunfelegyhaza\/wp-content\/uploads\/sites\/8\/2018\/08\/fogad\u00f3t\u00e9r1.1-2-1024x576.jpg\" alt=\"\" width=\"920\" height=\"518\" srcset=\"http:\/\/nepmesepont.hu\/kiskunfelegyhaza\/wp-content\/uploads\/sites\/8\/2018\/08\/fogad\u00f3t\u00e9r1.1-2-1024x576.jpg 1024w, http:\/\/nepmesepont.hu\/kiskunfelegyhaza\/wp-content\/uploads\/sites\/8\/2018\/08\/fogad\u00f3t\u00e9r1.1-2-300x169.jpg 300w, http:\/\/nepmesepont.hu\/kiskunfelegyhaza\/wp-content\/uploads\/sites\/8\/2018\/08\/fogad\u00f3t\u00e9r1.1-2-768x432.jpg 768w, http:\/\/nepmesepont.hu\/kiskunfelegyhaza\/wp-content\/uploads\/sites\/8\/2018\/08\/fogad\u00f3t\u00e9r1.1-2-622x350.jpg 622w, http:\/\/nepmesepont.hu\/kiskunfelegyhaza\/wp-content\/uploads\/sites\/8\/2018\/08\/fogad\u00f3t\u00e9r1.1-2-150x84.jpg 150w, http:\/\/nepmesepont.hu\/kiskunfelegyhaza\/wp-content\/uploads\/sites\/8\/2018\/08\/fogad\u00f3t\u00e9r1.1-2.jpg 1920w\" sizes=\"auto, (max-width: 920px) 100vw, 920px\" \/><\/p>\n<p><\/p>\n<p>A telev\u00edzi\u00f3 \u00e9s az alatta l\u00e9v\u0151 falr\u00e9sz inform\u00e1ci\u00f3t ad a helyr\u0151l, az aktu\u00e1lis programr\u00f3l. Ebb\u0151l a helyis\u00e9gb\u0151l megk\u00f6zel\u00edthet\u0151 a m\u00e1sik k\u00e9t terem.<\/p>\n<p><\/p>\n<p><img loading=\"lazy\" decoding=\"async\" class=\"alignnone size-large wp-image-74\" src=\"http:\/\/nepmesepont.hu\/kiskunfelegyhaza\/wp-content\/uploads\/sites\/8\/2018\/08\/nepmesepontrol-1024x576.jpg\" alt=\"\" width=\"920\" height=\"518\" srcset=\"http:\/\/nepmesepont.hu\/kiskunfelegyhaza\/wp-content\/uploads\/sites\/8\/2018\/08\/nepmesepontrol-1024x576.jpg 1024w, http:\/\/nepmesepont.hu\/kiskunfelegyhaza\/wp-content\/uploads\/sites\/8\/2018\/08\/nepmesepontrol-300x169.jpg 300w, http:\/\/nepmesepont.hu\/kiskunfelegyhaza\/wp-content\/uploads\/sites\/8\/2018\/08\/nepmesepontrol-768x432.jpg 768w, http:\/\/nepmesepont.hu\/kiskunfelegyhaza\/wp-content\/uploads\/sites\/8\/2018\/08\/nepmesepontrol-622x350.jpg 622w, http:\/\/nepmesepont.hu\/kiskunfelegyhaza\/wp-content\/uploads\/sites\/8\/2018\/08\/nepmesepontrol-150x84.jpg 150w, http:\/\/nepmesepont.hu\/kiskunfelegyhaza\/wp-content\/uploads\/sites\/8\/2018\/08\/nepmesepontrol.jpg 1386w\" sizes=\"auto, (max-width: 920px) 100vw, 920px\" \/><\/p>\n<p><\/p>\n<p><u>MESETEREM:<\/u><\/p>\n<p>Meseszoba (5,8m x 6,2 m) a kisebb gyerekeknek ny\u00fajt lehet\u0151s\u00e9get arra, hogy megismerj\u00e9k a n\u00e9pmes\u00e9k vil\u00e1g\u00e1t. A tr\u00f3nra \u00fclve kir\u00e1lyokk\u00e1 \u00e9s kir\u00e1lyl\u00e1nyokk\u00e1 v\u00e1lhatnak, a l\u00e9tra seg\u00edts\u00e9g\u00e9vel a gal\u00e9ri\u00e1ra jutva megismerhetik a mesei h\u00e1rmass\u00e1g egyik elem\u00e9t.<\/p>\n<p><\/p>\n<p><img loading=\"lazy\" decoding=\"async\" class=\"alignnone size-large wp-image-75\" src=\"http:\/\/nepmesepont.hu\/kiskunfelegyhaza\/wp-content\/uploads\/sites\/8\/2018\/08\/meseterem-3-1024x576.jpg\" alt=\"\" width=\"920\" height=\"518\" srcset=\"http:\/\/nepmesepont.hu\/kiskunfelegyhaza\/wp-content\/uploads\/sites\/8\/2018\/08\/meseterem-3-1024x576.jpg 1024w, http:\/\/nepmesepont.hu\/kiskunfelegyhaza\/wp-content\/uploads\/sites\/8\/2018\/08\/meseterem-3-300x169.jpg 300w, http:\/\/nepmesepont.hu\/kiskunfelegyhaza\/wp-content\/uploads\/sites\/8\/2018\/08\/meseterem-3-768x432.jpg 768w, http:\/\/nepmesepont.hu\/kiskunfelegyhaza\/wp-content\/uploads\/sites\/8\/2018\/08\/meseterem-3-622x350.jpg 622w, http:\/\/nepmesepont.hu\/kiskunfelegyhaza\/wp-content\/uploads\/sites\/8\/2018\/08\/meseterem-3-150x84.jpg 150w, http:\/\/nepmesepont.hu\/kiskunfelegyhaza\/wp-content\/uploads\/sites\/8\/2018\/08\/meseterem-3.jpg 1920w\" sizes=\"auto, (max-width: 920px) 100vw, 920px\" \/><\/p>\n<p><\/p>\n<p>A kivet\u00edt\u0151n mes\u00e9ket n\u00e9zhetnek \u00e9s hallgathatnak. A v\u00e1szon k\u00f6r\u00fcli sz\u00ednes meseszekr\u00e9ny apr\u00f3s\u00e1gokat rejt, ami seg\u00edti a gyerekek k\u00e9pzelet\u00e9t form\u00e1lni.<\/p>\n<p><\/p>\n<p><img loading=\"lazy\" decoding=\"async\" class=\"alignnone size-large wp-image-76\" src=\"http:\/\/nepmesepont.hu\/kiskunfelegyhaza\/wp-content\/uploads\/sites\/8\/2018\/08\/meseterem1-1024x576.jpg\" alt=\"\" width=\"920\" height=\"518\" srcset=\"http:\/\/nepmesepont.hu\/kiskunfelegyhaza\/wp-content\/uploads\/sites\/8\/2018\/08\/meseterem1-1024x576.jpg 1024w, http:\/\/nepmesepont.hu\/kiskunfelegyhaza\/wp-content\/uploads\/sites\/8\/2018\/08\/meseterem1-300x169.jpg 300w, http:\/\/nepmesepont.hu\/kiskunfelegyhaza\/wp-content\/uploads\/sites\/8\/2018\/08\/meseterem1-768x432.jpg 768w, http:\/\/nepmesepont.hu\/kiskunfelegyhaza\/wp-content\/uploads\/sites\/8\/2018\/08\/meseterem1-622x350.jpg 622w, http:\/\/nepmesepont.hu\/kiskunfelegyhaza\/wp-content\/uploads\/sites\/8\/2018\/08\/meseterem1-150x84.jpg 150w, http:\/\/nepmesepont.hu\/kiskunfelegyhaza\/wp-content\/uploads\/sites\/8\/2018\/08\/meseterem1.jpg 1920w\" sizes=\"auto, (max-width: 920px) 100vw, 920px\" \/><\/p>\n<p><\/p>\n<p>Innen ny\u00edlik a &#8220;t\u00f6ml\u00f6c&#8221; (2,5m x 2,6 m), ahol a h\u00e9tfej\u0171 s\u00e1rk\u00e1nyon k\u00edv\u00fcl helyet kap a holografikus vet\u00edt\u0151.<\/p>\n<p><\/p>\n<p><img loading=\"lazy\" decoding=\"async\" class=\"alignnone size-large wp-image-77\" src=\"http:\/\/nepmesepont.hu\/kiskunfelegyhaza\/wp-content\/uploads\/sites\/8\/2018\/08\/meseterem-11-1024x576.jpg\" alt=\"\" width=\"920\" height=\"518\" srcset=\"http:\/\/nepmesepont.hu\/kiskunfelegyhaza\/wp-content\/uploads\/sites\/8\/2018\/08\/meseterem-11-1024x576.jpg 1024w, http:\/\/nepmesepont.hu\/kiskunfelegyhaza\/wp-content\/uploads\/sites\/8\/2018\/08\/meseterem-11-300x169.jpg 300w, http:\/\/nepmesepont.hu\/kiskunfelegyhaza\/wp-content\/uploads\/sites\/8\/2018\/08\/meseterem-11-768x432.jpg 768w, http:\/\/nepmesepont.hu\/kiskunfelegyhaza\/wp-content\/uploads\/sites\/8\/2018\/08\/meseterem-11-622x350.jpg 622w, http:\/\/nepmesepont.hu\/kiskunfelegyhaza\/wp-content\/uploads\/sites\/8\/2018\/08\/meseterem-11-150x84.jpg 150w, http:\/\/nepmesepont.hu\/kiskunfelegyhaza\/wp-content\/uploads\/sites\/8\/2018\/08\/meseterem-11.jpg 1920w\" sizes=\"auto, (max-width: 920px) 100vw, 920px\" \/><\/p>\n<p><\/p>\n<p>A meseterem alkalmas j\u00e1t\u00e9kos feladatokra, csoportfoglalkoz\u00e1sokra, t\u00e1rsasj\u00e1t\u00e9kokra.<\/p>\n<p><\/p>\n<p><u>NAGYTEREM<\/u><\/p>\n<p>Az el\u0151t\u00e9rb\u0151l \u00e9s a meseszob\u00e1b\u00f3l is megk\u00f6zel\u00edthet\u0151 a m\u0171v\u00e9szterem, amely nagy m\u00e9ret\u00e9nek k\u00f6sz\u00f6nhet\u0151en &nbsp;(20,2m x 5,8 m) alkalmas egy mobilsz\u00ednpad elhelyez\u00e9s\u00e9re, ahol t\u00e1ncos produkci\u00f3k, sz\u00edni \u00e9s b\u00e1bel\u0151ad\u00e1sok lehetnek, valamint ebben a helyis\u00e9gben az \u00e9rdekl\u0151d\u0151k k\u00e9z\u00fcgyess\u00e9g\u00fcket is fejleszthetik: festhetnek, rajzolhatnak, agyagozhatnak, varrhatnak stb., \u00e9s alkot\u00e1saik a vitrines szekr\u00e9nyekben, illetve a parav\u00e1nokon ki\u00e1ll\u00edt\u00e1sok alkalm\u00e1val megtekinthet\u0151ek.<\/p>\n<p><\/p>\n<p><img loading=\"lazy\" decoding=\"async\" class=\"alignnone size-large wp-image-78\" src=\"http:\/\/nepmesepont.hu\/kiskunfelegyhaza\/wp-content\/uploads\/sites\/8\/2018\/08\/nagyterem1.7-1024x576.jpg\" alt=\"\" width=\"920\" height=\"518\" srcset=\"http:\/\/nepmesepont.hu\/kiskunfelegyhaza\/wp-content\/uploads\/sites\/8\/2018\/08\/nagyterem1.7-1024x576.jpg 1024w, http:\/\/nepmesepont.hu\/kiskunfelegyhaza\/wp-content\/uploads\/sites\/8\/2018\/08\/nagyterem1.7-300x169.jpg 300w, http:\/\/nepmesepont.hu\/kiskunfelegyhaza\/wp-content\/uploads\/sites\/8\/2018\/08\/nagyterem1.7-768x432.jpg 768w, http:\/\/nepmesepont.hu\/kiskunfelegyhaza\/wp-content\/uploads\/sites\/8\/2018\/08\/nagyterem1.7-622x350.jpg 622w, http:\/\/nepmesepont.hu\/kiskunfelegyhaza\/wp-content\/uploads\/sites\/8\/2018\/08\/nagyterem1.7-150x84.jpg 150w, http:\/\/nepmesepont.hu\/kiskunfelegyhaza\/wp-content\/uploads\/sites\/8\/2018\/08\/nagyterem1.7.jpg 1920w\" sizes=\"auto, (max-width: 920px) 100vw, 920px\" \/><\/p>\n<p><\/p>\n<p>A teremben audiovizu\u00e1lis eszk\u00f6z\u00f6ket helyezt\u00fcnk el: f\u00fclhallgat\u00f3k seg\u00edts\u00e9g\u00e9vel t\u00f6rt\u00e9neteket, n\u00e9pzen\u00e9ket lehet hallgathatni, valamint itt is ny\u00edlik lehet\u0151s\u00e9g vet\u00edt\u00e9sre is.<\/p>\n<p><\/p>\n<p><img loading=\"lazy\" decoding=\"async\" class=\"alignnone size-large wp-image-79\" src=\"http:\/\/nepmesepont.hu\/kiskunfelegyhaza\/wp-content\/uploads\/sites\/8\/2018\/08\/nagyterem1.11-1024x576.jpg\" alt=\"\" width=\"920\" height=\"518\" srcset=\"http:\/\/nepmesepont.hu\/kiskunfelegyhaza\/wp-content\/uploads\/sites\/8\/2018\/08\/nagyterem1.11-1024x576.jpg 1024w, http:\/\/nepmesepont.hu\/kiskunfelegyhaza\/wp-content\/uploads\/sites\/8\/2018\/08\/nagyterem1.11-300x169.jpg 300w, http:\/\/nepmesepont.hu\/kiskunfelegyhaza\/wp-content\/uploads\/sites\/8\/2018\/08\/nagyterem1.11-768x432.jpg 768w, http:\/\/nepmesepont.hu\/kiskunfelegyhaza\/wp-content\/uploads\/sites\/8\/2018\/08\/nagyterem1.11-622x350.jpg 622w, http:\/\/nepmesepont.hu\/kiskunfelegyhaza\/wp-content\/uploads\/sites\/8\/2018\/08\/nagyterem1.11-150x84.jpg 150w, http:\/\/nepmesepont.hu\/kiskunfelegyhaza\/wp-content\/uploads\/sites\/8\/2018\/08\/nagyterem1.11.jpg 1920w\" sizes=\"auto, (max-width: 920px) 100vw, 920px\" \/><\/p>\n\n\n<!--nextpage-->\n\n\n\n<p>MEGVAL\u00d3SULT N\u00c9PMESEPONT K\u00c9PE<\/p>\n\n\n\n\n\t\t\n\t\t<div id=\"ep-gutenberg-content-92408c349c5f65d7c0f51b218a981681\" class=\"ep-gutenberg-content   ep-percentage-width   ep-content-protection-disabled \">\n\t\t\t<div class=\"embedpress-inner-iframe emebedpress-unit-percent ep-doc-92408c349c5f65d7c0f51b218a981681\"  style=\"max-width:1000%\" id=\"embedpress-pdf-1678467672479\">\n\t\t\t\t<div >\n\t\t\t\t\t<div class=\"ep-embed-content-wraper\"><div class=\"position-right-wraper gutenberg-pdf-wraper\"><iframe title=\"L\u00e1tv\u00e1nyterv \u00e9s megval\u00f3sul\u00e1s\" class=\"embedpress-embed-document-pdf embedpress-pdf-1678467672479\" style=\"width:1000%;height:600px; max-width:100%; display: inline-block\" src=\"http:\/\/nepmesepont.hu\/kiskunfelegyhaza\/wp-admin\/admin-ajax.php?action=get_viewer&#038;file=http%3A%2F%2Fnepmesepont.hu%2Fkiskunfelegyhaza%2Fwp-content%2Fuploads%2Fsites%2F8%2F2023%2F03%2FLatvanyterv-es-megvalosulas.pdf#key=dGhlbWVNb2RlPWRlZmF1bHQmdG9vbGJhcj10cnVlJnBvc2l0aW9uPXRvcCZwcmVzZW50YXRpb249dHJ1ZSZsYXp5TG9hZD1mYWxzZSZkb3dubG9hZD10cnVlJmNvcHlfdGV4dD10cnVlJmFkZF90ZXh0PXRydWUmZHJhdz10cnVlJmRvY19yb3RhdGlvbj10cnVlJmFkZF9pbWFnZT10cnVlJmRvY19kZXRhaWxzPXRydWUmem9vbV9pbj10cnVlJnpvb21fb3V0PXRydWUmZml0X3ZpZXc9dHJ1ZSZib29rbWFyaz10cnVlJmZsaXBib29rX3Rvb2xiYXJfcG9zaXRpb249Ym90dG9tJnNlbGVjdGlvbl90b29sPTAmc2Nyb2xsaW5nPS0xJnNwcmVhZHM9LTE=\" frameborder=\"0\" oncontextmenu=\"return false;\"><\/iframe> <p class=\"embedpress-el-powered\">Powered By EmbedPress<\/p><\/div><\/div>\n\t\t\t\t\t\t\t\t\t<\/div>\n\t\t\t<\/div>\n\t\t<\/div>\n\t\n\n\n<p>SAJT\u00d3K\u00d6ZLEM\u00c9NY<\/p>\n\n\n\n\n\t\t\n\t\t<div id=\"ep-gutenberg-content-3cef68e720d12080cc401e6558210673\" class=\"ep-gutenberg-content   ep-percentage-width   ep-content-protection-disabled \">\n\t\t\t<div class=\"embedpress-inner-iframe emebedpress-unit-percent ep-doc-3cef68e720d12080cc401e6558210673\"  style=\"max-width:1000%\" id=\"embedpress-pdf-1678467710950\">\n\t\t\t\t<div >\n\t\t\t\t\t<div class=\"ep-embed-content-wraper\"><div class=\"position-right-wraper gutenberg-pdf-wraper\"><iframe title=\"Sajt\u00f3k\u00f6zlem\u00e9ny\" class=\"embedpress-embed-document-pdf embedpress-pdf-1678467710950\" style=\"width:1000%;height:600px; max-width:100%; display: inline-block\" src=\"http:\/\/nepmesepont.hu\/kiskunfelegyhaza\/wp-admin\/admin-ajax.php?action=get_viewer&#038;file=http%3A%2F%2Fnepmesepont.hu%2Fkiskunfelegyhaza%2Fwp-content%2Fuploads%2Fsites%2F8%2F2023%2F03%2FSajtokozlemeny.pdf#key=dGhlbWVNb2RlPWRlZmF1bHQmdG9vbGJhcj10cnVlJnBvc2l0aW9uPXRvcCZwcmVzZW50YXRpb249dHJ1ZSZsYXp5TG9hZD1mYWxzZSZkb3dubG9hZD10cnVlJmNvcHlfdGV4dD10cnVlJmFkZF90ZXh0PXRydWUmZHJhdz10cnVlJmRvY19yb3RhdGlvbj10cnVlJmFkZF9pbWFnZT10cnVlJmRvY19kZXRhaWxzPXRydWUmem9vbV9pbj10cnVlJnpvb21fb3V0PXRydWUmZml0X3ZpZXc9dHJ1ZSZib29rbWFyaz10cnVlJmZsaXBib29rX3Rvb2xiYXJfcG9zaXRpb249Ym90dG9tJnNlbGVjdGlvbl90b29sPTAmc2Nyb2xsaW5nPS0xJnNwcmVhZHM9LTE=\" frameborder=\"0\" oncontextmenu=\"return false;\"><\/iframe> <p class=\"embedpress-el-powered\">Powered By EmbedPress<\/p><\/div><\/div>\n\t\t\t\t\t\t\t\t\t<\/div>\n\t\t\t<\/div>\n\t\t<\/div>\n\t","protected":false},"excerpt":{"rendered":"<p>Aranyalma N\u00e9pmesepont \u2013 Kiskunf\u00e9legyh\u00e1za Megk\u00f6zel\u00edt\u00e9s: 6100 Kiskunf\u00e9legyh\u00e1za, Szent J\u00e1nos t\u00e9r 3. (Szakmak\u00f6zi M\u0171vel\u0151d\u00e9si H\u00e1z K\u00f6zhaszn\u00fa Egyes\u00fclet) Az Aranyalma N\u00e9pmesepont, Kiskunf\u00e9legyh\u00e1za k\u00f6z\u00e9ppontj\u00e1ban helyezkedik el.Gyalog, t\u00f6megk\u00f6zleked\u00e9si eszk\u00f6z\u00f6kkel \u00e9s szem\u00e9lyg\u00e9pj\u00e1rm\u0171vel is k\u00f6nnyen megk\u00f6zel\u00edthet\u0151 F\u0151bb \u00e1lland\u00f3 foglalkoz\u00e1sok \u00e9s programok: \u00e9l\u0151szavas mesemond\u00e1s kicsiknek \u00e9s nagyoknak kultur\u00e1lis \u00f3r\u00e1k ismerked\u00e9s az egyh\u00e1zi \u00fcnnepekkel ismerked\u00e9s a n\u00e9pszok\u00e1sokkal klubfoglalkoz\u00e1sok,&#8230; <a class=\"continue-reading-link\" href=\"http:\/\/nepmesepont.hu\/kiskunfelegyhaza\/a-nepmesepontrol\/\">Continue reading<\/a><\/p>\n","protected":false},"author":1,"featured_media":0,"parent":0,"menu_order":0,"comment_status":"closed","ping_status":"closed","template":"","meta":{"footnotes":""},"class_list":["post-15","page","type-page","status-publish","hentry"],"_links":{"self":[{"href":"http:\/\/nepmesepont.hu\/kiskunfelegyhaza\/wp-json\/wp\/v2\/pages\/15","targetHints":{"allow":["GET"]}}],"collection":[{"href":"http:\/\/nepmesepont.hu\/kiskunfelegyhaza\/wp-json\/wp\/v2\/pages"}],"about":[{"href":"http:\/\/nepmesepont.hu\/kiskunfelegyhaza\/wp-json\/wp\/v2\/types\/page"}],"author":[{"embeddable":true,"href":"http:\/\/nepmesepont.hu\/kiskunfelegyhaza\/wp-json\/wp\/v2\/users\/1"}],"replies":[{"embeddable":true,"href":"http:\/\/nepmesepont.hu\/kiskunfelegyhaza\/wp-json\/wp\/v2\/comments?post=15"}],"version-history":[{"count":7,"href":"http:\/\/nepmesepont.hu\/kiskunfelegyhaza\/wp-json\/wp\/v2\/pages\/15\/revisions"}],"predecessor-version":[{"id":264,"href":"http:\/\/nepmesepont.hu\/kiskunfelegyhaza\/wp-json\/wp\/v2\/pages\/15\/revisions\/264"}],"wp:attachment":[{"href":"http:\/\/nepmesepont.hu\/kiskunfelegyhaza\/wp-json\/wp\/v2\/media?parent=15"}],"curies":[{"name":"wp","href":"https:\/\/api.w.org\/{rel}","templated":true}]}}