{"id":13,"date":"2018-08-22T12:51:28","date_gmt":"2018-08-22T12:51:28","guid":{"rendered":"http:\/\/nepmesepont.hu\/kiskunfelegyhaza\/?page_id=13"},"modified":"2025-03-15T15:02:28","modified_gmt":"2025-03-15T15:02:28","slug":"hallgass-meset","status":"publish","type":"page","link":"http:\/\/nepmesepont.hu\/kiskunfelegyhaza\/hallgass-meset\/","title":{"rendered":"Hallgass mes\u00e9t!"},"content":{"rendered":"\n<!DOCTYPE html>\n<html lang=\"hu\">\n<head>\n    <meta charset=\"UTF-8\">\n    <meta name=\"viewport\" content=\"width=device-width, initial-scale=1.0\">\n    <title>YouTube Playlist<\/title>\n<\/head>\n<body>\n\n<!-- K\u00e9p el\u0151n\u00e9zet, kattint\u00e1sra megny\u00edlik a YouTube lej\u00e1tsz\u00e1si lista egy \u00faj ablakban -->\n<a href=\"https:\/\/www.youtube.com\/playlist?list=PLRVwCRgfgpQKKG-Jed72U_cRwNae0UgS-\" target=\"_blank\">\n    <img loading=\"lazy\" decoding=\"async\" src=\"http:\/\/nepmesepont.hu\/kiskunfelegyhaza\/wp-content\/uploads\/sites\/8\/2025\/03\/yt-list-kep-kiskun.png\" alt=\"Vide\u00f3 el\u0151n\u00e9zet\" width=\"560\" height=\"315\">\n<\/a>\n\n<\/body>\n<\/html>\n\n","protected":false},"excerpt":{"rendered":"<p>YouTube Playlist <a class=\"continue-reading-link\" href=\"http:\/\/nepmesepont.hu\/kiskunfelegyhaza\/hallgass-meset\/\">Continue reading<\/a><\/p>\n","protected":false},"author":1,"featured_media":0,"parent":0,"menu_order":0,"comment_status":"closed","ping_status":"closed","template":"","meta":{"footnotes":""},"class_list":["post-13","page","type-page","status-publish","hentry"],"_links":{"self":[{"href":"http:\/\/nepmesepont.hu\/kiskunfelegyhaza\/wp-json\/wp\/v2\/pages\/13","targetHints":{"allow":["GET"]}}],"collection":[{"href":"http:\/\/nepmesepont.hu\/kiskunfelegyhaza\/wp-json\/wp\/v2\/pages"}],"about":[{"href":"http:\/\/nepmesepont.hu\/kiskunfelegyhaza\/wp-json\/wp\/v2\/types\/page"}],"author":[{"embeddable":true,"href":"http:\/\/nepmesepont.hu\/kiskunfelegyhaza\/wp-json\/wp\/v2\/users\/1"}],"replies":[{"embeddable":true,"href":"http:\/\/nepmesepont.hu\/kiskunfelegyhaza\/wp-json\/wp\/v2\/comments?post=13"}],"version-history":[{"count":8,"href":"http:\/\/nepmesepont.hu\/kiskunfelegyhaza\/wp-json\/wp\/v2\/pages\/13\/revisions"}],"predecessor-version":[{"id":305,"href":"http:\/\/nepmesepont.hu\/kiskunfelegyhaza\/wp-json\/wp\/v2\/pages\/13\/revisions\/305"}],"wp:attachment":[{"href":"http:\/\/nepmesepont.hu\/kiskunfelegyhaza\/wp-json\/wp\/v2\/media?parent=13"}],"curies":[{"name":"wp","href":"https:\/\/api.w.org\/{rel}","templated":true}]}}